{"id":78,"date":"2023-01-09T05:06:25","date_gmt":"2023-01-09T05:06:25","guid":{"rendered":"https:\/\/leydemoises.org\/fe\/?page_id=78"},"modified":"2023-01-09T05:06:25","modified_gmt":"2023-01-09T05:06:25","slug":"8-los-judios-no-pueden-recibir-herencia-tribal-debido-a-la-genealogia-perdida","status":"publish","type":"page","link":"https:\/\/www.judaismocaraita.org\/troki\/8-los-judios-no-pueden-recibir-herencia-tribal-debido-a-la-genealogia-perdida\/","title":{"rendered":"8. \u00bfLos jud\u00edos no pueden recibir herencia tribal debido a la genealog\u00eda perdida?"},"content":{"rendered":"<p class=\"CDt4Ke zfr3Q\" dir=\"ltr\">Una vez un cristiano nos pregunt\u00f3 c\u00f3mo pod\u00edamos esperar ser reintegrados en la herencia de nuestras diversas tribus, ya que no somos conscientes de la tribu de la que somos descendientes, y estamos tan completamente mezclados unos con otros como para no poseer ning\u00fan medio para de rastrear nuestro pedigr\u00ed?<\/p>\n<p class=\"CDt4Ke zfr3Q\" dir=\"ltr\">A esto respondimos:<\/p>\n<p class=\"CDt4Ke zfr3Q\" dir=\"ltr\">Las tribus llevadas al cautiverio por Salmonassar, rey de Asiria, no fueron destruidas, sino simplemente transportadas de un pa\u00eds a otro, Jud\u00e1, la tribu principal, y Benjam\u00edn, permanecieron solos en Judea. Muchos de los exiliados de las diez tribus que regresaron se establecieron entre la tribu de Jud\u00e1, quienes, continuando en la tierra de sus padres, dieron el nombre de Jud\u00e1 (en lat\u00edn Judeo, de ah\u00ed el nombre abreviado Jud\u00edo) a toda la poblaci\u00f3n. remanente de Israel.<\/p>\n<p class=\"CDt4Ke zfr3Q\" dir=\"ltr\">As\u00ed encontramos en el libro de Ester, que Mardoqueo, aunque descend\u00eda de Benjam\u00edn, fue llamado, como todos los dem\u00e1s exiliados de Persia, Iehudi ( es decir , Judeo o jud\u00edo). Los descendientes de los sacerdotes y los levitas han conservado hasta el d\u00eda de hoy el conocimiento de su origen. Aquellos que ignoren su origen, en el momento de nuestra restauraci\u00f3n, ser\u00e1n dotados por la ayuda divina, con el conocimiento necesario de su descendencia. \u00a1Porque el profeta El\u00edas vendr\u00e1 antes del &#8220;d\u00eda grande y terrible&#8221;, y volver\u00e1 el coraz\u00f3n de los hijos al de sus padres!<\/p>\n<p class=\"CDt4Ke zfr3Q\" dir=\"ltr\">PROCEDEMOS AHORA A LA EXPLICACI\u00d3N DE TALES PASAJES B\u00cdBLICOS ASUMIDOS POR LOS CRISTIANOS PARA REFERIRSE A CIERTOS PUNTOS DE SU FE.<\/p>\n","protected":false},"excerpt":{"rendered":"<p>Una vez un cristiano nos pregunt\u00f3 c\u00f3mo pod\u00edamos esperar ser reintegrados en la herencia de nuestras diversas tribus, ya que no somos conscientes de la tribu de la que somos descendientes, y estamos tan completamente mezclados unos con otros como para no poseer ning\u00fan medio para de rastrear nuestro pedigr\u00ed? A esto respondimos: Las tribus [&hellip;]<\/p>\n","protected":false},"author":1,"featured_media":0,"parent":0,"menu_order":0,"comment_status":"closed","ping_status":"closed","template":"","meta":{"footnotes":""},"class_list":["post-78","page","type-page","status-publish","hentry"],"_links":{"self":[{"href":"https:\/\/www.judaismocaraita.org\/troki\/wp-json\/wp\/v2\/pages\/78","targetHints":{"allow":["GET"]}}],"collection":[{"href":"https:\/\/www.judaismocaraita.org\/troki\/wp-json\/wp\/v2\/pages"}],"about":[{"href":"https:\/\/www.judaismocaraita.org\/troki\/wp-json\/wp\/v2\/types\/page"}],"author":[{"embeddable":true,"href":"https:\/\/www.judaismocaraita.org\/troki\/wp-json\/wp\/v2\/users\/1"}],"replies":[{"embeddable":true,"href":"https:\/\/www.judaismocaraita.org\/troki\/wp-json\/wp\/v2\/comments?post=78"}],"version-history":[{"count":0,"href":"https:\/\/www.judaismocaraita.org\/troki\/wp-json\/wp\/v2\/pages\/78\/revisions"}],"wp:attachment":[{"href":"https:\/\/www.judaismocaraita.org\/troki\/wp-json\/wp\/v2\/media?parent=78"}],"curies":[{"name":"wp","href":"https:\/\/api.w.org\/{rel}","templated":true}]}}