{"id":69,"date":"2023-01-09T05:02:43","date_gmt":"2023-01-09T05:02:43","guid":{"rendered":"https:\/\/leydemoises.org\/fe\/?page_id=69"},"modified":"2023-01-09T05:02:43","modified_gmt":"2023-01-09T05:02:43","slug":"5-los-gentiles-gobiernan-sobre-los-judios-debido-a-los-pecados-de-los-judios","status":"publish","type":"page","link":"https:\/\/www.judaismocaraita.org\/troki\/5-los-gentiles-gobiernan-sobre-los-judios-debido-a-los-pecados-de-los-judios\/","title":{"rendered":"5. \u00bfLos gentiles gobiernan sobre los jud\u00edos debido a los pecados de los jud\u00edos?"},"content":{"rendered":"<p class=\"CDt4Ke zfr3Q\" dir=\"ltr\">El mismo personaje discuti\u00f3 conmigo en otra ocasi\u00f3n, y dijo: &#8220;Debes saber que, mientras cumplas las leyes de Dios y sus mandamientos, ser\u00e1s pr\u00f3spero en este mundo; porque los reyes de Israel eran grandes y poderosos, as\u00ed que que nuestros antepasados, y muchas otras naciones gentiles, fueron sometidos por ti; pero ahora, ya que has pecado contra Dios, el caso es al rev\u00e9s; porque la regla se ha apartado de ti y ha pasado a nosotros, as\u00ed se ha ido nuestra sujeci\u00f3n. de nosotros y pas\u00f3 a ustedes. Porque ahora no tienen rey ni pr\u00edncipe entre ustedes, y est\u00e1n sujetos a sujeci\u00f3n de todas las naciones. Al mismo tiempo, nuestra prosperidad es una gran prueba de la bondad de nuestra fe, como tu antigua prosperidad fue prueba de la bondad de tu fe, por lo tanto, su estado degradado debe considerarse una ilustraci\u00f3n convincente de sus malas acciones al rechazar nuestro credo &#8220;.<\/p>\n<p class=\"CDt4Ke zfr3Q\" dir=\"ltr\">A esto respond\u00ed: est\u00e1n de acuerdo en que el islamismo no es m\u00e1s que un sistema falso introducido por su pretendido profeta Mahoma; sin embargo, son pr\u00f3speros en este mundo, y su religi\u00f3n y poder se extendieron por una gran parte de Asia y \u00c1frica: en consecuencia, \u00bfC\u00f3mo se puede decir que su prosperidad es una prueba de la bondad de su credo, viendo tambi\u00e9n que las Escrituras muestran lo contrario? . As\u00ed dice Proverbios 3:12, &#8220;Porque el Se\u00f1or castiga al que ama&#8221;, etc. El argumento, por lo tanto, que deriv\u00f3 de su prosperidad a favor de su religi\u00f3n, es infundado, y debe parecerle as\u00ed a todo hombre de buen sentido.<\/p>\n","protected":false},"excerpt":{"rendered":"<p>El mismo personaje discuti\u00f3 conmigo en otra ocasi\u00f3n, y dijo: &#8220;Debes saber que, mientras cumplas las leyes de Dios y sus mandamientos, ser\u00e1s pr\u00f3spero en este mundo; porque los reyes de Israel eran grandes y poderosos, as\u00ed que que nuestros antepasados, y muchas otras naciones gentiles, fueron sometidos por ti; pero ahora, ya que has [&hellip;]<\/p>\n","protected":false},"author":1,"featured_media":0,"parent":0,"menu_order":0,"comment_status":"closed","ping_status":"closed","template":"","meta":{"footnotes":""},"class_list":["post-69","page","type-page","status-publish","hentry"],"_links":{"self":[{"href":"https:\/\/www.judaismocaraita.org\/troki\/wp-json\/wp\/v2\/pages\/69","targetHints":{"allow":["GET"]}}],"collection":[{"href":"https:\/\/www.judaismocaraita.org\/troki\/wp-json\/wp\/v2\/pages"}],"about":[{"href":"https:\/\/www.judaismocaraita.org\/troki\/wp-json\/wp\/v2\/types\/page"}],"author":[{"embeddable":true,"href":"https:\/\/www.judaismocaraita.org\/troki\/wp-json\/wp\/v2\/users\/1"}],"replies":[{"embeddable":true,"href":"https:\/\/www.judaismocaraita.org\/troki\/wp-json\/wp\/v2\/comments?post=69"}],"version-history":[{"count":0,"href":"https:\/\/www.judaismocaraita.org\/troki\/wp-json\/wp\/v2\/pages\/69\/revisions"}],"wp:attachment":[{"href":"https:\/\/www.judaismocaraita.org\/troki\/wp-json\/wp\/v2\/media?parent=69"}],"curies":[{"name":"wp","href":"https:\/\/api.w.org\/{rel}","templated":true}]}}