{"id":60,"date":"2023-01-09T04:54:03","date_gmt":"2023-01-09T04:54:03","guid":{"rendered":"https:\/\/leydemoises.org\/fe\/?page_id=60"},"modified":"2023-01-09T04:54:03","modified_gmt":"2023-01-09T04:54:03","slug":"2-el-presunto-rechazo-de-dios-a-israel-y-los-judios","status":"publish","type":"page","link":"https:\/\/www.judaismocaraita.org\/troki\/2-el-presunto-rechazo-de-dios-a-israel-y-los-judios\/","title":{"rendered":"2. El presunto rechazo de Dios a Israel y los jud\u00edos"},"content":{"rendered":"<p class=\"CDt4Ke zfr3Q\" dir=\"ltr\">Los cristianos han aducido un argumento en el sentido de que el Todopoderoso ha rechazado a la naci\u00f3n israelita porque no escucharon las ense\u00f1anzas del Mes\u00edas, su mensajero, y porque ejecutaron juicio sobre \u00e9l. Por lo tanto, han dicho que el Se\u00f1or eligi\u00f3 a la naci\u00f3n cristiana y permiti\u00f3 que Cristo sufriera el martirio por ellos y por la salvaci\u00f3n de sus almas, porque lo hab\u00edan reconocido y puesto su fe en \u00e9l.<\/p>\n<p class=\"CDt4Ke zfr3Q\" dir=\"ltr\">REFUTACI\u00d3N<\/p>\n<p class=\"CDt4Ke zfr3Q\" dir=\"ltr\">Este argumento carece de fundamento; porque los cristianos mismos confiesan que antes de la venida de Jes\u00fas, ellos (como gentiles) negaban al Todopoderoso y eran id\u00f3latras. Incluso despu\u00e9s de la venida de Jes\u00fas, no fue recibido como un Dios, ni se crey\u00f3 que lo fuera hasta unos cien a\u00f1os despu\u00e9s de su existencia. S\u00ed, ellos mismos (los gentiles) continuaron llevando a cabo la persecuci\u00f3n contra \u00e9l, sus disc\u00edpulos, ap\u00f3stoles y seguidores. Ner\u00f3n, el emperador de Roma, por ejemplo, hizo que Pedro y Pablo murieran de una manera no natural, debido a sus esfuerzos por persuadir e instar a la gente a creer en Jes\u00fas. Decio, el emperador romano, hizo, con el mismo esp\u00edritu, que Laurentius fuera asado vivo en el a\u00f1o 254 de la era vulgar, porque persuadi\u00f3 a la gente a abrazar el cristianismo. As\u00ed actuaron todos los emperadores que le siguieron; persiguieron a los cristianos, y mat\u00f3 a los papas y a los que segu\u00edan la religi\u00f3n de Jes\u00fas, como puede deducirse de sus historias eclesi\u00e1sticas. El primer emperador bizantino que adopt\u00f3 la fe cristiana fue Constantino, quien estableci\u00f3 leyes para sus correligionarios 300 a\u00f1os despu\u00e9s de la muerte de Jes\u00fas. En sus d\u00edas vivi\u00f3 Arrio, quien compuso una controvertida obra contra los dogmas cristianos, pero Constantino no prest\u00f3 o\u00eddo a sus opiniones. Despu\u00e9s de la muerte de este monarca, Constantino II se uni\u00f3 a la secta de Arrio y despreci\u00f3 las doctrinas establecidas; y su pariente sucesor, Juliano, tambi\u00e9n se adhirieron a los puntos de vista arrianos y rechazaron los principios generales de la fe cristiana. Su ejemplo fue imitado por varios de sus sucesores. Hay, incluso en nuestros tiempos, personas que reconocen la autoridad de Arrio, y que constituyen la secta llamada por su nombre. Esto (el repudio original del cristianismo por parte de los gentiles) tambi\u00e9n debe notarse entre los habitantes [antiguos] de Prusia; cuando el obispo Adelbert de Praga vino a ellos para instruirlos en su religi\u00f3n en el a\u00f1o 990, de la era cristiana, lo cortaron en pedazos. Los prusianos y polacos no se convirtieron a la religi\u00f3n cristiana antes del siglo XI, y los escandinavos no hasta despu\u00e9s del a\u00f1o 1400 de la era vulgar, como se afirma en las historias eclesi\u00e1sticas. La mayor\u00eda de los seguidores del cristianismo contin\u00faan a\u00fan en la actualidad adorando en sus lugares de culto im\u00e1genes de oro y plata, madera y piedra, y muchos de ellos muestran reverencia divina a la hostia o pan sacramental postr\u00e1ndose ante ella. Estas pr\u00e1cticas se mantienen en contradicci\u00f3n con las ense\u00f1anzas de Jes\u00fas, quien inst\u00f3 rigurosamente a sus disc\u00edpulos y ap\u00f3stoles a abstenerse de ellas, as\u00ed como de comer los sacrificios ofrecidos a los \u00eddolos. Tambi\u00e9n encontramos en el Evangelio que se les proh\u00edbe comer sangre o carne de animales estrangulados; cuyas prohibiciones son ignoradas incluso por los cristianos m\u00e1s escrupulosos. Asimismo, profanan el verdadero d\u00eda de reposo, cuyo estricto mandamiento fue guardado por Jes\u00fas, y posteriormente por sus disc\u00edpulos y seguidores, durante el per\u00edodo de 500 a\u00f1os. A partir de ese per\u00edodo, la ley antigua fue reemplazada por el Papa ordenando celebrar el primer d\u00eda de la semana, el domingo, como el d\u00eda sagrado. De ah\u00ed surge la pregunta: \u00bfC\u00f3mo pueden jactarse de ser la naci\u00f3n preferida, seleccionada en recompensa por su homenaje a Jes\u00fas? \u00bfo c\u00f3mo pueden asumir el nombre de cristianos, ya que entre ellos no existe ning\u00fan observador de los preceptos mosaicos, que el mismo Jes\u00fas declar\u00f3 inviolable? Adem\u00e1s, se desv\u00edan de sus estatutos a\u00f1adiendo y disminuyendo los dictados del Evangelio, mientras pronuncia severas maldiciones contra los que se atreven a a\u00f1adir o disminuir sus palabras, como se desprende de los pasajes antes referidos. y se expondr\u00e1 m\u00e1s plenamente en cap\u00edtulo 49 de este trabajo.<\/p>\n","protected":false},"excerpt":{"rendered":"<p>Los cristianos han aducido un argumento en el sentido de que el Todopoderoso ha rechazado a la naci\u00f3n israelita porque no escucharon las ense\u00f1anzas del Mes\u00edas, su mensajero, y porque ejecutaron juicio sobre \u00e9l. Por lo tanto, han dicho que el Se\u00f1or eligi\u00f3 a la naci\u00f3n cristiana y permiti\u00f3 que Cristo sufriera el martirio por [&hellip;]<\/p>\n","protected":false},"author":1,"featured_media":0,"parent":0,"menu_order":0,"comment_status":"closed","ping_status":"closed","template":"","meta":{"footnotes":""},"class_list":["post-60","page","type-page","status-publish","hentry"],"_links":{"self":[{"href":"https:\/\/www.judaismocaraita.org\/troki\/wp-json\/wp\/v2\/pages\/60","targetHints":{"allow":["GET"]}}],"collection":[{"href":"https:\/\/www.judaismocaraita.org\/troki\/wp-json\/wp\/v2\/pages"}],"about":[{"href":"https:\/\/www.judaismocaraita.org\/troki\/wp-json\/wp\/v2\/types\/page"}],"author":[{"embeddable":true,"href":"https:\/\/www.judaismocaraita.org\/troki\/wp-json\/wp\/v2\/users\/1"}],"replies":[{"embeddable":true,"href":"https:\/\/www.judaismocaraita.org\/troki\/wp-json\/wp\/v2\/comments?post=60"}],"version-history":[{"count":0,"href":"https:\/\/www.judaismocaraita.org\/troki\/wp-json\/wp\/v2\/pages\/60\/revisions"}],"wp:attachment":[{"href":"https:\/\/www.judaismocaraita.org\/troki\/wp-json\/wp\/v2\/media?parent=60"}],"curies":[{"name":"wp","href":"https:\/\/api.w.org\/{rel}","templated":true}]}}