{"id":520,"date":"2023-01-10T02:11:08","date_gmt":"2023-01-10T02:11:08","guid":{"rendered":"https:\/\/leydemoises.org\/fe\/?page_id=520"},"modified":"2023-01-10T02:11:08","modified_gmt":"2023-01-10T02:11:08","slug":"99-dan-se-omite-de-la-lista-de-tribus-lo-que-sugiere-la-ignorancia-biblica-del-autor","status":"publish","type":"page","link":"https:\/\/www.judaismocaraita.org\/troki\/99-dan-se-omite-de-la-lista-de-tribus-lo-que-sugiere-la-ignorancia-biblica-del-autor\/","title":{"rendered":"99. Dan se omite de la lista de tribus, lo que sugiere la ignorancia b\u00edblica del autor"},"content":{"rendered":"<p>REVELACI\u00d3N<\/p>\n<p>Apocalipsis 7: 5-8 . Al enumerar las Doce Tribus de Israel, se omite la tribu de Dan, y la de Manas\u00e9s se menciona en su lugar, aunque la tribu de Jos\u00e9 podr\u00eda haber incluido naturalmente la de Manas\u00e9s. Esto muestra que el autor del Apocalipsis estaba familiarizado imperfectamente con los rudimentos mismos de la historia b\u00edblica. Si el instructor mismo no est\u00e1 instruido, \u00bfde qu\u00e9 puede beneficiarse su disc\u00edpulo del conocimiento que emana de tal fuente?<\/p>\n","protected":false},"excerpt":{"rendered":"<p>REVELACI\u00d3N Apocalipsis 7: 5-8 . Al enumerar las Doce Tribus de Israel, se omite la tribu de Dan, y la de Manas\u00e9s se menciona en su lugar, aunque la tribu de Jos\u00e9 podr\u00eda haber incluido naturalmente la de Manas\u00e9s. Esto muestra que el autor del Apocalipsis estaba familiarizado imperfectamente con los rudimentos mismos de la [&hellip;]<\/p>\n","protected":false},"author":1,"featured_media":0,"parent":0,"menu_order":0,"comment_status":"closed","ping_status":"closed","template":"","meta":{"footnotes":""},"class_list":["post-520","page","type-page","status-publish","hentry"],"_links":{"self":[{"href":"https:\/\/www.judaismocaraita.org\/troki\/wp-json\/wp\/v2\/pages\/520","targetHints":{"allow":["GET"]}}],"collection":[{"href":"https:\/\/www.judaismocaraita.org\/troki\/wp-json\/wp\/v2\/pages"}],"about":[{"href":"https:\/\/www.judaismocaraita.org\/troki\/wp-json\/wp\/v2\/types\/page"}],"author":[{"embeddable":true,"href":"https:\/\/www.judaismocaraita.org\/troki\/wp-json\/wp\/v2\/users\/1"}],"replies":[{"embeddable":true,"href":"https:\/\/www.judaismocaraita.org\/troki\/wp-json\/wp\/v2\/comments?post=520"}],"version-history":[{"count":0,"href":"https:\/\/www.judaismocaraita.org\/troki\/wp-json\/wp\/v2\/pages\/520\/revisions"}],"wp:attachment":[{"href":"https:\/\/www.judaismocaraita.org\/troki\/wp-json\/wp\/v2\/media?parent=520"}],"curies":[{"name":"wp","href":"https:\/\/api.w.org\/{rel}","templated":true}]}}