{"id":511,"date":"2023-01-10T02:09:07","date_gmt":"2023-01-10T02:09:07","guid":{"rendered":"https:\/\/leydemoises.org\/fe\/?page_id=511"},"modified":"2023-01-10T02:09:07","modified_gmt":"2023-01-10T02:09:07","slug":"96-la-extrana-doctrina-de-que-jesus-era-menor-que-pero-adorado-por-los-angeles","status":"publish","type":"page","link":"https:\/\/www.judaismocaraita.org\/troki\/96-la-extrana-doctrina-de-que-jesus-era-menor-que-pero-adorado-por-los-angeles\/","title":{"rendered":"96. La extra\u00f1a doctrina de que Jes\u00fas era menor que, pero adorado por los \u00e1ngeles"},"content":{"rendered":"<p class=\"CDt4Ke zfr3Q\" dir=\"ltr\">Hebreos 2: 7 , &#8220;Lo hiciste un poco menor que los \u00e1ngeles, lo coronaste de gloria y honra&#8221;. En el vers\u00edculo 9 , se dice: &#8220;Jes\u00fas, que fue hecho un poco menor que los \u00e1ngeles&#8221;. Es notable que Jes\u00fas, como ser inferior, haya estado destinado a ser adorado por los \u00e1ngeles, que eran sus superiores. Al referirse al octavo Salmo, Salmo vers\u00edculos 4-7 [8: 3-6], encontramos que el autor de la Ep\u00edstola, al citar algunas palabras, ha pervertido su verdadero significado. El salmista al usar la eyaculaci\u00f3n, &#8220;Cuando contemplo los cielos, las obras de tus dedos, y la luna y las estrellas que fijaste&#8221;, debe entenderse como si se hubiera expresado con las siguientes palabras: impresionado por el asombro y el asombro, siento la absoluta nada de las criaturas humanas; y me digo a m\u00ed mismo: &#8220;\u00bfQu\u00e9 es el hombre mortal, para que te acuerdes de \u00e9l, y el hijo del hombre, para que lo notes?&#8221; La fragilidad y la mortalidad del hombre, sugiri\u00f3 al salmista el sentido de una profunda humildad; por otro lado, el hombre se vuelve consciente de su estado noble, como poseedor de un esp\u00edritu inmortal, que lo hace casi igual a los \u00e1ngeles ministradores de las alturas. Es con respecto a esta suprema investidura que el salmista exclama: &#8220;Lo hiciste poco menos que los \u00e1ngeles y lo coronaste de gloria y honra&#8221;. Bendecido con inteligencia, gobierna las criaturas inferiores del campo y el bosque, del aire y del mar.<\/p>\n<p class=\"CDt4Ke zfr3Q\" dir=\"ltr\">En consecuencia, este Salmo no tiene alusi\u00f3n a ninguna doctrina no jud\u00eda, sino que es una amplificaci\u00f3n sublime de la determinaci\u00f3n divina, como se contiene en G\u00e9nesis 1:26 , &#8220;Haremos al hombre a nuestra imagen, conforme a nuestra semejanza, y ellos domina sobre los peces del mar, y las aves del cielo, y las bestias, y sobre toda la tierra &#8220;. Tomando esta vista clara de las diversas porciones de la Escritura, el lector sincero estar\u00e1 de acuerdo con nosotros en que la verdad inflexible de nuestros escritos revelados no permite la sombra de una prueba a favor del rango dado a Jes\u00fas en la teolog\u00eda m\u00edstica de los cristianos.<\/p>\n<p class=\"CDt4Ke zfr3Q\" dir=\"ltr\">Nota: los n\u00fameros de cap\u00edtulo y vers\u00edculo entre corchetes [] son \u200b\u200blos n\u00fameros usados \u200b\u200ben la Biblia en ingl\u00e9s.<\/p>\n","protected":false},"excerpt":{"rendered":"<p>Hebreos 2: 7 , &#8220;Lo hiciste un poco menor que los \u00e1ngeles, lo coronaste de gloria y honra&#8221;. En el vers\u00edculo 9 , se dice: &#8220;Jes\u00fas, que fue hecho un poco menor que los \u00e1ngeles&#8221;. Es notable que Jes\u00fas, como ser inferior, haya estado destinado a ser adorado por los \u00e1ngeles, que eran sus superiores. [&hellip;]<\/p>\n","protected":false},"author":1,"featured_media":0,"parent":0,"menu_order":0,"comment_status":"closed","ping_status":"closed","template":"","meta":{"footnotes":""},"class_list":["post-511","page","type-page","status-publish","hentry"],"_links":{"self":[{"href":"https:\/\/www.judaismocaraita.org\/troki\/wp-json\/wp\/v2\/pages\/511","targetHints":{"allow":["GET"]}}],"collection":[{"href":"https:\/\/www.judaismocaraita.org\/troki\/wp-json\/wp\/v2\/pages"}],"about":[{"href":"https:\/\/www.judaismocaraita.org\/troki\/wp-json\/wp\/v2\/types\/page"}],"author":[{"embeddable":true,"href":"https:\/\/www.judaismocaraita.org\/troki\/wp-json\/wp\/v2\/users\/1"}],"replies":[{"embeddable":true,"href":"https:\/\/www.judaismocaraita.org\/troki\/wp-json\/wp\/v2\/comments?post=511"}],"version-history":[{"count":0,"href":"https:\/\/www.judaismocaraita.org\/troki\/wp-json\/wp\/v2\/pages\/511\/revisions"}],"wp:attachment":[{"href":"https:\/\/www.judaismocaraita.org\/troki\/wp-json\/wp\/v2\/media?parent=511"}],"curies":[{"name":"wp","href":"https:\/\/api.w.org\/{rel}","templated":true}]}}