{"id":486,"date":"2023-01-10T02:01:42","date_gmt":"2023-01-10T02:01:42","guid":{"rendered":"https:\/\/leydemoises.org\/fe\/?page_id=486"},"modified":"2023-01-10T02:01:42","modified_gmt":"2023-01-10T02:01:42","slug":"90-la-ignorancia-del-idioma-hebreo-lleva-a-pablo-a-la-conclusion-equivocada-acerca-de-la-semilla","status":"publish","type":"page","link":"https:\/\/www.judaismocaraita.org\/troki\/90-la-ignorancia-del-idioma-hebreo-lleva-a-pablo-a-la-conclusion-equivocada-acerca-de-la-semilla\/","title":{"rendered":"90. La ignorancia del idioma hebreo lleva a Pablo a la conclusi\u00f3n equivocada acerca de la &#8220;semilla&#8221;"},"content":{"rendered":"<p class=\"CDt4Ke zfr3Q\" dir=\"ltr\">G\u00e1latas 3:16 , &#8220;Ahora bien, a Abraham ya su simiente fueron hechas las promesas: no dice, ya simiente como de muchos, sino como de uno, ya tu simiente, que es Cristo&#8221;.<\/p>\n<p class=\"CDt4Ke zfr3Q\" dir=\"ltr\">La falta de conocimiento del genio del idioma hebreo ha llevado al autor de la ep\u00edstola a una conclusi\u00f3n equivocada. Cuando semilla significa posteridad, nunca se pone en plural. Ver G\u00e9nesis 13:15 , &#8220;Porque toda la tierra que ves te la dar\u00e9 a ti ya tu descendencia para siempre&#8221;. Inmediatamente despu\u00e9s de esta promesa, leemos, [G\u00e9nesis 13:16] &#8220;Y tu simiente ser\u00e1 como el polvo de la tierra&#8221;. Esto se relaciona con el n\u00famero de individuos y no con un solo individuo. Nuevamente, encontramos en G\u00e9nesis 15: 5 , &#8220;Y le hizo salir (de la casa) y dijo: Mira ahora al cielo, y cuenta las estrellas, si puedes contarlas; y le dijo as\u00ed ser\u00e1 tu simiente &#8220;.<\/p>\n<p class=\"CDt4Ke zfr3Q\" dir=\"ltr\">Ibid vers\u00edculo 13 , &#8220;Y dijo a Abraham: De cierto sabr\u00e1s que tu descendencia ser\u00e1 extranjera en una tierra que no es de ellos&#8221;. Estos ejemplos pueden ser suficientes, pero se pueden encontrar otros similares en varias partes de las Escrituras. Estas anotaciones ofrecen abundantes pruebas de que el t\u00e9rmino simiente, en la promesa dada a Abraham, se refiere a una naci\u00f3n entera.<\/p>\n","protected":false},"excerpt":{"rendered":"<p>G\u00e1latas 3:16 , &#8220;Ahora bien, a Abraham ya su simiente fueron hechas las promesas: no dice, ya simiente como de muchos, sino como de uno, ya tu simiente, que es Cristo&#8221;. La falta de conocimiento del genio del idioma hebreo ha llevado al autor de la ep\u00edstola a una conclusi\u00f3n equivocada. Cuando semilla significa posteridad, [&hellip;]<\/p>\n","protected":false},"author":1,"featured_media":0,"parent":0,"menu_order":0,"comment_status":"closed","ping_status":"closed","template":"","meta":{"footnotes":""},"class_list":["post-486","page","type-page","status-publish","hentry"],"_links":{"self":[{"href":"https:\/\/www.judaismocaraita.org\/troki\/wp-json\/wp\/v2\/pages\/486","targetHints":{"allow":["GET"]}}],"collection":[{"href":"https:\/\/www.judaismocaraita.org\/troki\/wp-json\/wp\/v2\/pages"}],"about":[{"href":"https:\/\/www.judaismocaraita.org\/troki\/wp-json\/wp\/v2\/types\/page"}],"author":[{"embeddable":true,"href":"https:\/\/www.judaismocaraita.org\/troki\/wp-json\/wp\/v2\/users\/1"}],"replies":[{"embeddable":true,"href":"https:\/\/www.judaismocaraita.org\/troki\/wp-json\/wp\/v2\/comments?post=486"}],"version-history":[{"count":0,"href":"https:\/\/www.judaismocaraita.org\/troki\/wp-json\/wp\/v2\/pages\/486\/revisions"}],"wp:attachment":[{"href":"https:\/\/www.judaismocaraita.org\/troki\/wp-json\/wp\/v2\/media?parent=486"}],"curies":[{"name":"wp","href":"https:\/\/api.w.org\/{rel}","templated":true}]}}