{"id":475,"date":"2023-01-10T01:59:04","date_gmt":"2023-01-10T01:59:04","guid":{"rendered":"https:\/\/leydemoises.org\/fe\/?page_id=474"},"modified":"2023-01-10T01:59:04","modified_gmt":"2023-01-10T01:59:04","slug":"86-otro-error-factico-en-el-nt-supuestamente-perfecto-e-inspirado","status":"publish","type":"page","link":"https:\/\/www.judaismocaraita.org\/troki\/86-otro-error-factico-en-el-nt-supuestamente-perfecto-e-inspirado\/","title":{"rendered":"86. Otro error f\u00e1ctico en el NT supuestamente perfecto e inspirado"},"content":{"rendered":"<p class=\"CDt4Ke zfr3Q\" dir=\"ltr\">1 Corintios 10: 8 , &#8220;No cometamos fornicaci\u00f3n, como algunos de ellos cometieron, y cayeron en un d\u00eda veintitr\u00e9s mil&#8221;.<\/p>\n<p class=\"CDt4Ke zfr3Q\" dir=\"ltr\">En este breve pasaje hay un error, que en cualquier otra obra puede pasar desapercibido. Un libro, que asume que est\u00e1 dictado por inspiraci\u00f3n, debe ser preciso en todos sus detalles. En N\u00fameros 25: 9, leemos que veinticuatro mil, y no veintitr\u00e9s mil, cayeron por la visita de la pestilencia.<\/p>\n","protected":false},"excerpt":{"rendered":"<p>1 Corintios 10: 8 , &#8220;No cometamos fornicaci\u00f3n, como algunos de ellos cometieron, y cayeron en un d\u00eda veintitr\u00e9s mil&#8221;. En este breve pasaje hay un error, que en cualquier otra obra puede pasar desapercibido. Un libro, que asume que est\u00e1 dictado por inspiraci\u00f3n, debe ser preciso en todos sus detalles. En N\u00fameros 25: 9, [&hellip;]<\/p>\n","protected":false},"author":1,"featured_media":0,"parent":0,"menu_order":0,"comment_status":"closed","ping_status":"closed","template":"","meta":{"footnotes":""},"class_list":["post-475","page","type-page","status-publish","hentry"],"_links":{"self":[{"href":"https:\/\/www.judaismocaraita.org\/troki\/wp-json\/wp\/v2\/pages\/475","targetHints":{"allow":["GET"]}}],"collection":[{"href":"https:\/\/www.judaismocaraita.org\/troki\/wp-json\/wp\/v2\/pages"}],"about":[{"href":"https:\/\/www.judaismocaraita.org\/troki\/wp-json\/wp\/v2\/types\/page"}],"author":[{"embeddable":true,"href":"https:\/\/www.judaismocaraita.org\/troki\/wp-json\/wp\/v2\/users\/1"}],"replies":[{"embeddable":true,"href":"https:\/\/www.judaismocaraita.org\/troki\/wp-json\/wp\/v2\/comments?post=475"}],"version-history":[{"count":0,"href":"https:\/\/www.judaismocaraita.org\/troki\/wp-json\/wp\/v2\/pages\/475\/revisions"}],"wp:attachment":[{"href":"https:\/\/www.judaismocaraita.org\/troki\/wp-json\/wp\/v2\/media?parent=475"}],"curies":[{"name":"wp","href":"https:\/\/api.w.org\/{rel}","templated":true}]}}