{"id":47,"date":"2023-01-09T04:01:58","date_gmt":"2023-01-09T04:01:58","guid":{"rendered":"https:\/\/leydemoises.org\/fe\/?page_id=47"},"modified":"2023-01-09T04:01:58","modified_gmt":"2023-01-09T04:01:58","slug":"notas-y-agradecimientos","status":"publish","type":"page","link":"https:\/\/www.judaismocaraita.org\/troki\/notas-y-agradecimientos\/","title":{"rendered":"Notas y agradecimientos"},"content":{"rendered":"<div class=\"CjVfdc\">Notas y agradecimientos<\/div>\n<p class=\"CDt4Ke zfr3Q\" dir=\"ltr\">El sitio karaitejudaism.org contiene una copia electr\u00f3nica en ingles de la traducci\u00f3n de Moses Mocatta, impresa en 1851, de Faith Strengthened. Se han corregido muchas referencias de vers\u00edculos err\u00f3neos, se han agregado referencias de cap\u00edtulos y vers\u00edculos donde no se daban en la traducci\u00f3n, se ha creado un \u00edndice hipervinculado de vers\u00edculos y se ha agregado una biograf\u00eda de Isaac de Troki.<\/p>\n<p class=\"CDt4Ke zfr3Q\" dir=\"ltr\">Mocatta atenu\u00f3 el texto original de Troki, posiblemente para evitar la confrontaci\u00f3n con los cristianos. Nuestra versi\u00f3n final ser\u00e1 una retraducci\u00f3n completa del texto hebreo original de Faith Strengthened.<\/p>\n<p class=\"CDt4Ke zfr3Q\" dir=\"ltr\">Agradecimientos: Esta actualizaci\u00f3n de Isaac ben Abraham de Faith Strengthened de Troki es el resultado del arduo trabajo de varios miembros del\u00a0<a class=\"XqQF9c rXJpyf\" href=\"http:\/\/www.google.com\/url?q=http%3A%2F%2Fwww.karaite-korner.org%2F&amp;sa=D&amp;sntz=1&amp;usg=AOvVaw1h4-rehFjmCUAZxLyGkweb\" target=\"_blank\" rel=\"noopener\">Movimiento Cara\u00edta Mundial<\/a>\u00a0y se public\u00f3 el 7 de abril de 2004:<\/p>\n<p class=\"CDt4Ke zfr3Q\" dir=\"ltr\">Dale Albertson &#8211; comprobaci\u00f3n de versos<\/p>\n<p class=\"CDt4Ke zfr3Q\" dir=\"ltr\">Yahchannah Baldus &#8211; revisi\u00f3n de versos<\/p>\n<p class=\"CDt4Ke zfr3Q\" dir=\"ltr\">Susan Douthit &#8211; comprobaci\u00f3n de versos<\/p>\n<p class=\"CDt4Ke zfr3Q\" dir=\"ltr\">Devorah Gordon &#8211; escritora<\/p>\n<p class=\"CDt4Ke zfr3Q\" dir=\"ltr\">Nehemia Gordon &#8211; copista, distribuci\u00f3n<\/p>\n<p class=\"CDt4Ke zfr3Q\" dir=\"ltr\">Yohanan Shalom Jacobson &#8211; revisi\u00f3n de versos<\/p>\n<p class=\"CDt4Ke zfr3Q\" dir=\"ltr\">Ivan Labombarbe (Yohanan Zaqantov) &#8211; revisi\u00f3n de versos, webmaster<\/p>\n<p class=\"CDt4Ke zfr3Q\" dir=\"ltr\">Nava Rose: mecanograf\u00eda, revisi\u00f3n, verificaci\u00f3n de versos<\/p>\n<p class=\"CDt4Ke zfr3Q\" dir=\"ltr\">Johannah Stern &#8211; mecanograf\u00eda<\/p>\n<p class=\"CDt4Ke zfr3Q\" dir=\"ltr\">Nancy (apellido desconocido)<\/p>\n<p class=\"CDt4Ke zfr3Q\" dir=\"ltr\">No miembros que ayudaron<\/p>\n<p class=\"CDt4Ke zfr3Q\" dir=\"ltr\">Tim Shemayah Philips &#8211; escaneo<\/p>\n<p class=\"CDt4Ke zfr3Q\" dir=\"ltr\">Robert Sewell: mecanograf\u00eda, revisi\u00f3n, verificaci\u00f3n de versos, codificaci\u00f3n HTML, \u00edndice de versos.<\/p>\n<p class=\"CDt4Ke zfr3Q\" dir=\"ltr\">Se encuentra publicada en ingles en:\u00a0<a class=\"XqQF9c rXJpyf\" href=\"http:\/\/www.google.com\/url?q=http%3A%2F%2Fwww.karaitejudaism.org%2F&amp;sa=D&amp;sntz=1&amp;usg=AOvVaw0S8sid7RFxfPAbP2mEFTPl\" target=\"_blank\" rel=\"noopener\">www.karaitejudaism.org<\/a><\/p>\n","protected":false},"excerpt":{"rendered":"<p>Notas y agradecimientos El sitio karaitejudaism.org contiene una copia electr\u00f3nica en ingles de la traducci\u00f3n de Moses Mocatta, impresa en 1851, de Faith Strengthened. Se han corregido muchas referencias de vers\u00edculos err\u00f3neos, se han agregado referencias de cap\u00edtulos y vers\u00edculos donde no se daban en la traducci\u00f3n, se ha creado un \u00edndice hipervinculado de vers\u00edculos [&hellip;]<\/p>\n","protected":false},"author":1,"featured_media":0,"parent":0,"menu_order":0,"comment_status":"closed","ping_status":"closed","template":"","meta":{"footnotes":""},"class_list":["post-47","page","type-page","status-publish","hentry"],"_links":{"self":[{"href":"https:\/\/www.judaismocaraita.org\/troki\/wp-json\/wp\/v2\/pages\/47","targetHints":{"allow":["GET"]}}],"collection":[{"href":"https:\/\/www.judaismocaraita.org\/troki\/wp-json\/wp\/v2\/pages"}],"about":[{"href":"https:\/\/www.judaismocaraita.org\/troki\/wp-json\/wp\/v2\/types\/page"}],"author":[{"embeddable":true,"href":"https:\/\/www.judaismocaraita.org\/troki\/wp-json\/wp\/v2\/users\/1"}],"replies":[{"embeddable":true,"href":"https:\/\/www.judaismocaraita.org\/troki\/wp-json\/wp\/v2\/comments?post=47"}],"version-history":[{"count":0,"href":"https:\/\/www.judaismocaraita.org\/troki\/wp-json\/wp\/v2\/pages\/47\/revisions"}],"wp:attachment":[{"href":"https:\/\/www.judaismocaraita.org\/troki\/wp-json\/wp\/v2\/media?parent=47"}],"curies":[{"name":"wp","href":"https:\/\/api.w.org\/{rel}","templated":true}]}}