{"id":453,"date":"2023-01-10T01:48:56","date_gmt":"2023-01-10T01:48:56","guid":{"rendered":"https:\/\/leydemoises.org\/fe\/?page_id=453"},"modified":"2023-01-10T01:48:56","modified_gmt":"2023-01-10T01:48:56","slug":"79-sacar-las-escrituras-hebreas-fuera-de-contexto-es-su-propia-refutacion-se-dan-ejemplos","status":"publish","type":"page","link":"https:\/\/www.judaismocaraita.org\/troki\/79-sacar-las-escrituras-hebreas-fuera-de-contexto-es-su-propia-refutacion-se-dan-ejemplos\/","title":{"rendered":"79. Sacar las escrituras hebreas fuera de contexto es su propia refutaci\u00f3n, se dan ejemplos"},"content":{"rendered":"<p class=\"CDt4Ke zfr3Q\" dir=\"ltr\">Romanos 9:33 , &#8220;Como est\u00e1 escrito: He aqu\u00ed, pongo en Sion piedra de tropiezo y roca de esc\u00e1ndalo, y todo aquel que en \u00e9l cree, no ser\u00e1 avergonzado&#8221;.<\/p>\n<p class=\"CDt4Ke zfr3Q\" dir=\"ltr\">Este pasaje es una colecci\u00f3n de oraciones cortas, empaquetadas con ingenio o ignorancia, para mostrar que Jes\u00fas es el \u00fanico Salvador de aquellos que encontraron &#8220;su piedra de tropiezo en Si\u00f3n&#8221;. En el cap\u00edtulo 8:14 de Isa\u00edas, encontramos: &#8220;Y ser\u00e1 por santuario y piedra de tropiezo, como roca de tropiezo para las dos casas de Israel, y como lazo y desgarro para los habitantes de Jerusal\u00e9n&#8221;. Y el profeta contin\u00faa, (cap\u00edtulo 28:16 ), &#8220;Por tanto, as\u00ed dice el Se\u00f1or Dios: He aqu\u00ed, he puesto un fundamento en Sion, piedra probada, piedra angular preciosa, bien establecida, bien fundada. El que cree, no se apresurar\u00e1. (lejos de ella) &#8220;.<\/p>\n<p class=\"CDt4Ke zfr3Q\" dir=\"ltr\">Otra cita incorrecta de nuestras Escrituras tambi\u00e9n se encuentra en Romanos 10:11 , &#8220;Porque la Escritura dice: Todo aquel que en \u00e9l cree, no ser\u00e1 avergonzado&#8221;. Pedro, en su primera ep\u00edstola, ( cap\u00edtulo 2: 6 ), cita de una memoria traicionera: &#8220;Por lo cual tambi\u00e9n est\u00e1 contenido en la Escritura: He aqu\u00ed, pongo en Sion la principal piedra del \u00e1ngulo, escogida, preciosa; y el que en \u00e9l cree, no ser\u00e1 aturdido.&#8221;<\/p>\n<p class=\"CDt4Ke zfr3Q\" dir=\"ltr\">Separar o conectar arbitrariamente varias palabras de la Escritura para verificar doctrinas, no ense\u00f1adas en nuestros Libros Sagrados, es, seg\u00fan nuestra opini\u00f3n, su propia refutaci\u00f3n y altamente reprobable.<\/p>\n","protected":false},"excerpt":{"rendered":"<p>Romanos 9:33 , &#8220;Como est\u00e1 escrito: He aqu\u00ed, pongo en Sion piedra de tropiezo y roca de esc\u00e1ndalo, y todo aquel que en \u00e9l cree, no ser\u00e1 avergonzado&#8221;. Este pasaje es una colecci\u00f3n de oraciones cortas, empaquetadas con ingenio o ignorancia, para mostrar que Jes\u00fas es el \u00fanico Salvador de aquellos que encontraron &#8220;su piedra [&hellip;]<\/p>\n","protected":false},"author":1,"featured_media":0,"parent":0,"menu_order":0,"comment_status":"closed","ping_status":"closed","template":"","meta":{"footnotes":""},"class_list":["post-453","page","type-page","status-publish","hentry"],"_links":{"self":[{"href":"https:\/\/www.judaismocaraita.org\/troki\/wp-json\/wp\/v2\/pages\/453","targetHints":{"allow":["GET"]}}],"collection":[{"href":"https:\/\/www.judaismocaraita.org\/troki\/wp-json\/wp\/v2\/pages"}],"about":[{"href":"https:\/\/www.judaismocaraita.org\/troki\/wp-json\/wp\/v2\/types\/page"}],"author":[{"embeddable":true,"href":"https:\/\/www.judaismocaraita.org\/troki\/wp-json\/wp\/v2\/users\/1"}],"replies":[{"embeddable":true,"href":"https:\/\/www.judaismocaraita.org\/troki\/wp-json\/wp\/v2\/comments?post=453"}],"version-history":[{"count":0,"href":"https:\/\/www.judaismocaraita.org\/troki\/wp-json\/wp\/v2\/pages\/453\/revisions"}],"wp:attachment":[{"href":"https:\/\/www.judaismocaraita.org\/troki\/wp-json\/wp\/v2\/media?parent=453"}],"curies":[{"name":"wp","href":"https:\/\/api.w.org\/{rel}","templated":true}]}}