{"id":450,"date":"2023-01-10T01:47:42","date_gmt":"2023-01-10T01:47:42","guid":{"rendered":"https:\/\/leydemoises.org\/fe\/?page_id=450"},"modified":"2023-01-10T01:47:42","modified_gmt":"2023-01-10T01:47:42","slug":"78-pablo-tuerce-oseas-1-para-referirse-a-los-gentiles-cuando-en-realidad-se-refiere-a-israel","status":"publish","type":"page","link":"https:\/\/www.judaismocaraita.org\/troki\/78-pablo-tuerce-oseas-1-para-referirse-a-los-gentiles-cuando-en-realidad-se-refiere-a-israel\/","title":{"rendered":"78. Pablo tuerce Oseas 1 para referirse a los gentiles, cuando en realidad se refiere a Israel"},"content":{"rendered":"<p class=\"CDt4Ke zfr3Q\" dir=\"ltr\">Romanos 9: 24-26 , &#8220;Incluso a nosotros, a quienes \u00e9l llam\u00f3, no s\u00f3lo de los jud\u00edos, sino tambi\u00e9n de los gentiles. Como tambi\u00e9n dice en Oseas, llamar\u00e9 pueblo m\u00edo al que no era mi pueblo, y a ella amado que no fue amado. Y acontecer\u00e1 que en el lugar donde se les dijo: No sois mi pueblo, all\u00ed ser\u00e1n llamados hijos del Dios viviente.<\/p>\n<p class=\"CDt4Ke zfr3Q\" dir=\"ltr\">Es indiferente para nosotros saber si fue la ignorancia o la perversi\u00f3n intencional lo que llev\u00f3 a Pablo a referirse a Oseas con un prop\u00f3sito que ese profeta no ten\u00eda en mente. Basta referirse a Oseas 1: 9 , para comprobar que el profeta no alude a los gentiles, sino exclusivamente a Israel, que, cuando obedec\u00edan la ley de Dios, ser\u00edan llamados Ammi (&#8220;mi pueblo), &#8220;y&#8221; Ruhamah &#8220;,&#8221; (la que se compadece) &#8220;; pero cuando desobedecieran, ser\u00edan llamados Lo-Ammi, &#8220;(no mi gente)&#8221;, y Lo Ruhamah &#8220;(no digno de compasi\u00f3n)&#8221;. Y nuevamente en el cap\u00edtulo 2: 1 [1:10] , leemos: &#8220;Y acontecer\u00e1 que en el lugar donde les fue dicho [Israel]: Vosotros sois hijos del Dios viviente&#8221;.<\/p>\n<p class=\"CDt4Ke zfr3Q\" dir=\"ltr\">Nota: los n\u00fameros de cap\u00edtulo y vers\u00edculo entre corchetes [] son \u200b\u200blos n\u00fameros usados \u200b\u200ben la Biblia en ingl\u00e9s.<\/p>\n","protected":false},"excerpt":{"rendered":"<p>Romanos 9: 24-26 , &#8220;Incluso a nosotros, a quienes \u00e9l llam\u00f3, no s\u00f3lo de los jud\u00edos, sino tambi\u00e9n de los gentiles. Como tambi\u00e9n dice en Oseas, llamar\u00e9 pueblo m\u00edo al que no era mi pueblo, y a ella amado que no fue amado. Y acontecer\u00e1 que en el lugar donde se les dijo: No sois [&hellip;]<\/p>\n","protected":false},"author":1,"featured_media":0,"parent":0,"menu_order":0,"comment_status":"closed","ping_status":"closed","template":"","meta":{"footnotes":""},"class_list":["post-450","page","type-page","status-publish","hentry"],"_links":{"self":[{"href":"https:\/\/www.judaismocaraita.org\/troki\/wp-json\/wp\/v2\/pages\/450","targetHints":{"allow":["GET"]}}],"collection":[{"href":"https:\/\/www.judaismocaraita.org\/troki\/wp-json\/wp\/v2\/pages"}],"about":[{"href":"https:\/\/www.judaismocaraita.org\/troki\/wp-json\/wp\/v2\/types\/page"}],"author":[{"embeddable":true,"href":"https:\/\/www.judaismocaraita.org\/troki\/wp-json\/wp\/v2\/users\/1"}],"replies":[{"embeddable":true,"href":"https:\/\/www.judaismocaraita.org\/troki\/wp-json\/wp\/v2\/comments?post=450"}],"version-history":[{"count":0,"href":"https:\/\/www.judaismocaraita.org\/troki\/wp-json\/wp\/v2\/pages\/450\/revisions"}],"wp:attachment":[{"href":"https:\/\/www.judaismocaraita.org\/troki\/wp-json\/wp\/v2\/media?parent=450"}],"curies":[{"name":"wp","href":"https:\/\/api.w.org\/{rel}","templated":true}]}}