{"id":438,"date":"2023-01-10T01:40:53","date_gmt":"2023-01-10T01:40:53","guid":{"rendered":"https:\/\/leydemoises.org\/fe\/?page_id=438"},"modified":"2023-01-10T01:40:53","modified_gmt":"2023-01-10T01:40:53","slug":"74-el-ejemplo-de-pablo-de-circuncidar-a-timoteo-entra-en-conflicto-con-su-propia-ensenanza","status":"publish","type":"page","link":"https:\/\/www.judaismocaraita.org\/troki\/74-el-ejemplo-de-pablo-de-circuncidar-a-timoteo-entra-en-conflicto-con-su-propia-ensenanza\/","title":{"rendered":"74. El ejemplo de Pablo de circuncidar a Timoteo entra en conflicto con su propia ense\u00f1anza"},"content":{"rendered":"<p class=\"CDt4Ke zfr3Q\" dir=\"ltr\">Hechos 16:3 . Pablo, al circuncidar a Timoteo, demostr\u00f3 que la dispensaci\u00f3n mosaica de la circuncisi\u00f3n no hab\u00eda sido abrogada. Por otra parte, escribi\u00f3 a los G\u00e1latas (cap\u00edtulo 5: 2-3 ): &#8220;He aqu\u00ed, yo, Pablo, os digo que, si os circuncid\u00e1is, de nada os aprovechar\u00e1 Cristo; porque nuevamente testifico a todo hombre. que est\u00e1 circuncidado, que es deudor para cumplir toda la ley &#8220;. Si la circuncisi\u00f3n no le sirvi\u00f3 de nada a Timoteo, \u00bfpor qu\u00e9 lo circuncid\u00f3 su maestro? Sin embargo, si ese acto sagrado era indispensable y obligaba plenamente al hombre a adherirse a los mandamientos y las leyes de Mois\u00e9s mediante el pacto de Abraham, \u00bfC\u00f3mo fue que Pablo consider\u00f3 perfectamente coherente quebrantar por precepto esas mismas ense\u00f1anzas de Mois\u00e9s?<\/p>\n","protected":false},"excerpt":{"rendered":"<p>Hechos 16:3 . Pablo, al circuncidar a Timoteo, demostr\u00f3 que la dispensaci\u00f3n mosaica de la circuncisi\u00f3n no hab\u00eda sido abrogada. Por otra parte, escribi\u00f3 a los G\u00e1latas (cap\u00edtulo 5: 2-3 ): &#8220;He aqu\u00ed, yo, Pablo, os digo que, si os circuncid\u00e1is, de nada os aprovechar\u00e1 Cristo; porque nuevamente testifico a todo hombre. que est\u00e1 circuncidado, [&hellip;]<\/p>\n","protected":false},"author":1,"featured_media":0,"parent":0,"menu_order":0,"comment_status":"closed","ping_status":"closed","template":"","meta":{"footnotes":""},"class_list":["post-438","page","type-page","status-publish","hentry"],"_links":{"self":[{"href":"https:\/\/www.judaismocaraita.org\/troki\/wp-json\/wp\/v2\/pages\/438","targetHints":{"allow":["GET"]}}],"collection":[{"href":"https:\/\/www.judaismocaraita.org\/troki\/wp-json\/wp\/v2\/pages"}],"about":[{"href":"https:\/\/www.judaismocaraita.org\/troki\/wp-json\/wp\/v2\/types\/page"}],"author":[{"embeddable":true,"href":"https:\/\/www.judaismocaraita.org\/troki\/wp-json\/wp\/v2\/users\/1"}],"replies":[{"embeddable":true,"href":"https:\/\/www.judaismocaraita.org\/troki\/wp-json\/wp\/v2\/comments?post=438"}],"version-history":[{"count":0,"href":"https:\/\/www.judaismocaraita.org\/troki\/wp-json\/wp\/v2\/pages\/438\/revisions"}],"wp:attachment":[{"href":"https:\/\/www.judaismocaraita.org\/troki\/wp-json\/wp\/v2\/media?parent=438"}],"curies":[{"name":"wp","href":"https:\/\/api.w.org\/{rel}","templated":true}]}}