{"id":435,"date":"2023-01-10T01:40:04","date_gmt":"2023-01-10T01:40:04","guid":{"rendered":"https:\/\/leydemoises.org\/fe\/?page_id=435"},"modified":"2023-01-10T01:40:04","modified_gmt":"2023-01-10T01:40:04","slug":"73-el-ejemplo-de-pablo-de-circuncidar-a-timoteo-entra-en-conflicto-con-doctrinas-posteriores","status":"publish","type":"page","link":"https:\/\/www.judaismocaraita.org\/troki\/73-el-ejemplo-de-pablo-de-circuncidar-a-timoteo-entra-en-conflicto-con-doctrinas-posteriores\/","title":{"rendered":"73. El ejemplo de Pablo de circuncidar a Timoteo entra en conflicto con doctrinas posteriores"},"content":{"rendered":"<p>Hechos 16:1, 3, &#8220;Pablo, yendo a Derbe y Listra, encontr\u00f3 a Timoteo, el hijo de cierta mujer que era jud\u00eda, y lo tom\u00f3 y lo circuncid\u00f3 a causa de los jud\u00edos que estaban en esos lugares&#8221;. A partir de esta cita y los registros de la historia, es evidente que el cristianismo original no prescindi\u00f3 de la circuncisi\u00f3n de los jud\u00edos recibida dentro de su palidez. \u00bfNo es, entonces, un pecado intentar persuadir a los jud\u00edos de que abandonen aquellos ritos que los fundadores y primeros propagadores de la religi\u00f3n cristiana realmente confirmaron con sus propios actos?<\/p>\n","protected":false},"excerpt":{"rendered":"<p>Hechos 16:1, 3, &#8220;Pablo, yendo a Derbe y Listra, encontr\u00f3 a Timoteo, el hijo de cierta mujer que era jud\u00eda, y lo tom\u00f3 y lo circuncid\u00f3 a causa de los jud\u00edos que estaban en esos lugares&#8221;. A partir de esta cita y los registros de la historia, es evidente que el cristianismo original no prescindi\u00f3 [&hellip;]<\/p>\n","protected":false},"author":1,"featured_media":0,"parent":0,"menu_order":0,"comment_status":"closed","ping_status":"closed","template":"","meta":{"footnotes":""},"class_list":["post-435","page","type-page","status-publish","hentry"],"_links":{"self":[{"href":"https:\/\/www.judaismocaraita.org\/troki\/wp-json\/wp\/v2\/pages\/435","targetHints":{"allow":["GET"]}}],"collection":[{"href":"https:\/\/www.judaismocaraita.org\/troki\/wp-json\/wp\/v2\/pages"}],"about":[{"href":"https:\/\/www.judaismocaraita.org\/troki\/wp-json\/wp\/v2\/types\/page"}],"author":[{"embeddable":true,"href":"https:\/\/www.judaismocaraita.org\/troki\/wp-json\/wp\/v2\/users\/1"}],"replies":[{"embeddable":true,"href":"https:\/\/www.judaismocaraita.org\/troki\/wp-json\/wp\/v2\/comments?post=435"}],"version-history":[{"count":0,"href":"https:\/\/www.judaismocaraita.org\/troki\/wp-json\/wp\/v2\/pages\/435\/revisions"}],"wp:attachment":[{"href":"https:\/\/www.judaismocaraita.org\/troki\/wp-json\/wp\/v2\/media?parent=435"}],"curies":[{"name":"wp","href":"https:\/\/api.w.org\/{rel}","templated":true}]}}