{"id":423,"date":"2023-01-10T01:37:28","date_gmt":"2023-01-10T01:37:28","guid":{"rendered":"https:\/\/leydemoises.org\/fe\/?page_id=423"},"modified":"2023-01-10T01:37:28","modified_gmt":"2023-01-10T01:37:28","slug":"69-pablo-no-entiende-el-salmo-1610","status":"publish","type":"page","link":"https:\/\/www.judaismocaraita.org\/troki\/69-pablo-no-entiende-el-salmo-1610\/","title":{"rendered":"69. Pablo no entiende el Salmo 16:10"},"content":{"rendered":"<p class=\"CDt4Ke zfr3Q\" dir=\"ltr\">Hechos 13: 35-37 , Pablo dice: &#8220;Por tanto, dice tambi\u00e9n en otro salmo: No permitir\u00e1s que tu Santo vea corrupci\u00f3n. Porque David, despu\u00e9s de haber servido a su propia generaci\u00f3n por la voluntad de Dios, se durmi\u00f3. y fue sepultado con sus padres y vio corrupci\u00f3n; pero el que Dios resucit\u00f3, no vio corrupci\u00f3n &#8220;.<\/p>\n<p class=\"CDt4Ke zfr3Q\" dir=\"ltr\">La adici\u00f3n, que &#8220;David vio corrupci\u00f3n&#8221;, muestra que Pablo entendi\u00f3 mal el sentido del pasaje que cit\u00f3. La palabra schachet (traducida como &#8220;corrupci\u00f3n&#8221;) significa un hoyo y es sin\u00f3nimo de tumba; porque David confiaba en la salvaci\u00f3n del alma de los justos, y expresaba su convicci\u00f3n de que s\u00f3lo el cuerpo desciende al abismo, y no el alma con \u00e9l, a la perdici\u00f3n.<\/p>\n<p class=\"CDt4Ke zfr3Q\" dir=\"ltr\">Pasajes, en los que aparece la palabra schachet (pozo), en el Salmo 94:13 , &#8220;Hasta que se cava un pozo para el hombre inicuo&#8221;. Proverbios 26:27 , &#8220;El que cava una fosa, caer\u00e1 en ella&#8221;. Salmo 7:16 [7:15] , &#8220;El que hace un hoyo y lo cava, caer\u00e1 en el hoyo que hizo&#8221;. Por lo tanto, no podemos percibir la autoridad que Pablo ten\u00eda para aplicar las palabras de ese salmo de otra manera que en el sentido en que su autor evidentemente lo hab\u00eda dise\u00f1ado.<\/p>\n<p class=\"CDt4Ke zfr3Q\" dir=\"ltr\">Nota: los n\u00fameros de cap\u00edtulo y vers\u00edculo entre corchetes [] son \u200b\u200blos n\u00fameros usados \u200b\u200ben la Biblia en ingl\u00e9s.<\/p>\n","protected":false},"excerpt":{"rendered":"<p>Hechos 13: 35-37 , Pablo dice: &#8220;Por tanto, dice tambi\u00e9n en otro salmo: No permitir\u00e1s que tu Santo vea corrupci\u00f3n. Porque David, despu\u00e9s de haber servido a su propia generaci\u00f3n por la voluntad de Dios, se durmi\u00f3. y fue sepultado con sus padres y vio corrupci\u00f3n; pero el que Dios resucit\u00f3, no vio corrupci\u00f3n &#8220;. [&hellip;]<\/p>\n","protected":false},"author":1,"featured_media":0,"parent":0,"menu_order":0,"comment_status":"closed","ping_status":"closed","template":"","meta":{"footnotes":""},"class_list":["post-423","page","type-page","status-publish","hentry"],"_links":{"self":[{"href":"https:\/\/www.judaismocaraita.org\/troki\/wp-json\/wp\/v2\/pages\/423","targetHints":{"allow":["GET"]}}],"collection":[{"href":"https:\/\/www.judaismocaraita.org\/troki\/wp-json\/wp\/v2\/pages"}],"about":[{"href":"https:\/\/www.judaismocaraita.org\/troki\/wp-json\/wp\/v2\/types\/page"}],"author":[{"embeddable":true,"href":"https:\/\/www.judaismocaraita.org\/troki\/wp-json\/wp\/v2\/users\/1"}],"replies":[{"embeddable":true,"href":"https:\/\/www.judaismocaraita.org\/troki\/wp-json\/wp\/v2\/comments?post=423"}],"version-history":[{"count":0,"href":"https:\/\/www.judaismocaraita.org\/troki\/wp-json\/wp\/v2\/pages\/423\/revisions"}],"wp:attachment":[{"href":"https:\/\/www.judaismocaraita.org\/troki\/wp-json\/wp\/v2\/media?parent=423"}],"curies":[{"name":"wp","href":"https:\/\/api.w.org\/{rel}","templated":true}]}}