{"id":420,"date":"2023-01-10T01:35:49","date_gmt":"2023-01-10T01:35:49","guid":{"rendered":"https:\/\/leydemoises.org\/fe\/?page_id=420"},"modified":"2023-01-10T01:35:49","modified_gmt":"2023-01-10T01:35:49","slug":"68-el-mal-uso-de-pablo-del-salmo-2-para-probar-que-jesus-es-el-hijo-de-dios","status":"publish","type":"page","link":"https:\/\/www.judaismocaraita.org\/troki\/68-el-mal-uso-de-pablo-del-salmo-2-para-probar-que-jesus-es-el-hijo-de-dios\/","title":{"rendered":"68. El mal uso de Pablo del Salmo 2 para probar que Jes\u00fas es el Hijo de Dios"},"content":{"rendered":"<p class=\"CDt4Ke zfr3Q\" dir=\"ltr\">Hechos 13:33 , Pablo prueba que Jes\u00fas es el Hijo de Dios, al citar el segundo Salmo: &#8220;Mi Hijo eres t\u00fa, yo te engendr\u00e9 hoy&#8221;.<\/p>\n<p class=\"CDt4Ke zfr3Q\" dir=\"ltr\">La referencia a ese salmo es objetable, ya que el salmista real habl\u00f3 aqu\u00ed de su propia persona. Fue contra \u00e9l que los gentiles se enfurecieron y continuaron su guerra, cuando \u00e9l hab\u00eda comenzado su gobierno.<\/p>\n<p class=\"CDt4Ke zfr3Q\" dir=\"ltr\">Ver 2 Samuel 5:17 , &#8220;Y los filisteos hab\u00edan o\u00eddo que hab\u00edan ungido a David por rey sobre Israel, y todos los filisteos vinieron a buscar a David&#8221;, etc.<\/p>\n<p class=\"CDt4Ke zfr3Q\" dir=\"ltr\">Con justicia se llam\u00f3 a s\u00ed mismo el Mes\u00edas, Ungido del Se\u00f1or, porque ese t\u00edtulo le fue leg\u00edtimamente dado como gobernante de su pueblo. Habiendo sido establecido como el jefe de Israel, por mandato expreso del Se\u00f1or, estaba justificado para marcar a los que se rebelaban contra \u00e9l como rebeldes &#8220;contra el Se\u00f1or y contra su Ungido&#8221;. Las palabras del Salmo 2, &#8220;Y yo he ungido mi rey &#8220;, ocurre en la historia actual de David, en 1 Samuel 16: 1 ,&#8221; Te enviar\u00e9 a Isa\u00ed, de Bel\u00e9n, porque entre sus hijos he visto para m\u00ed un rey &#8220;.&#8221; Si\u00f3n, mi santo monte , &#8221; ( Salmo 2: 6), que era la metr\u00f3poli, y se llamaba &#8220;la ciudad de David&#8221;. Fue a ese rey a quien se le dijo: &#8220;Mi hijo eres t\u00fa, yo te he engendrado hoy&#8221;. El t\u00edtulo de Hijo se le dio a todos aquellos que, por fiel obediencia, se unieron al servicio de Dios. En \u00c9xodo 4:22 , Israel fue llamado &#8220;mi primog\u00e9nito&#8221;; y en Oseas 2: 1 [1:10] , &#8220;Se les dir\u00e1: Vosotros sois hijos del Dios viviente&#8221;. El d\u00eda en que Samuel ungi\u00f3 a David como rey de Israel, &#8220;se transform\u00f3 en otro hombre&#8221;; y leemos en 1 Samuel 16:13 , &#8220;Y Samuel tom\u00f3 el cuerno de aceite, y lo ungi\u00f3 en medio de sus hermanos, y el Esp\u00edritu del Se\u00f1or descendi\u00f3 sobre \u00e9l&#8221;. La adopci\u00f3n del hombre por Dios se llama, en lenguaje b\u00edblico, &#8220;Deuteronomio 32:18 , &#8221; Te olvidaste de la roca que te engendr\u00f3&#8221;. Las palabras [ Salmo 2: 8 ], &#8220;P\u00eddeme, y dar\u00e9 naciones por heredad&#8221;, se cumplieron a David, quien humill\u00f3 a los filisteos ( 2 Samuel 8: 1 ), e hizo a Am\u00f3n, Moab y Edom. , tributario de s\u00ed mismo. Con referencia a Jes\u00fas, no ten\u00eda ning\u00fan dominio para merecer el t\u00edtulo de Mes\u00edas (Rey Ungido). Dijo de s\u00ed mismo que [ Mateo 20:28 ] &#8220;no hab\u00eda venido para ser ministrado (servido), sino para ministrar&#8221; (servir a otros). Adem\u00e1s, \u00bfpor qu\u00e9 se le habr\u00eda invitado a Jes\u00fas a &#8220;P\u00eddeme y dar\u00e9 naciones en herencia&#8221;, ya que, como Hijo de Dios encarnado, deber\u00eda haberle pertenecido a \u00e9l toda la tierra, y no una parte selecta de ella?<\/p>\n<p class=\"CDt4Ke zfr3Q\" dir=\"ltr\">Nota: los n\u00fameros de cap\u00edtulo y vers\u00edculo entre corchetes [] son \u200b\u200blos n\u00fameros usados \u200b\u200ben la Biblia en ingl\u00e9s.<\/p>\n","protected":false},"excerpt":{"rendered":"<p>Hechos 13:33 , Pablo prueba que Jes\u00fas es el Hijo de Dios, al citar el segundo Salmo: &#8220;Mi Hijo eres t\u00fa, yo te engendr\u00e9 hoy&#8221;. La referencia a ese salmo es objetable, ya que el salmista real habl\u00f3 aqu\u00ed de su propia persona. Fue contra \u00e9l que los gentiles se enfurecieron y continuaron su guerra, [&hellip;]<\/p>\n","protected":false},"author":1,"featured_media":0,"parent":0,"menu_order":0,"comment_status":"closed","ping_status":"closed","template":"","meta":{"footnotes":""},"class_list":["post-420","page","type-page","status-publish","hentry"],"_links":{"self":[{"href":"https:\/\/www.judaismocaraita.org\/troki\/wp-json\/wp\/v2\/pages\/420","targetHints":{"allow":["GET"]}}],"collection":[{"href":"https:\/\/www.judaismocaraita.org\/troki\/wp-json\/wp\/v2\/pages"}],"about":[{"href":"https:\/\/www.judaismocaraita.org\/troki\/wp-json\/wp\/v2\/types\/page"}],"author":[{"embeddable":true,"href":"https:\/\/www.judaismocaraita.org\/troki\/wp-json\/wp\/v2\/users\/1"}],"replies":[{"embeddable":true,"href":"https:\/\/www.judaismocaraita.org\/troki\/wp-json\/wp\/v2\/comments?post=420"}],"version-history":[{"count":0,"href":"https:\/\/www.judaismocaraita.org\/troki\/wp-json\/wp\/v2\/pages\/420\/revisions"}],"wp:attachment":[{"href":"https:\/\/www.judaismocaraita.org\/troki\/wp-json\/wp\/v2\/media?parent=420"}],"curies":[{"name":"wp","href":"https:\/\/api.w.org\/{rel}","templated":true}]}}