{"id":402,"date":"2023-01-10T01:25:16","date_gmt":"2023-01-10T01:25:16","guid":{"rendered":"https:\/\/leydemoises.org\/fe\/?page_id=402"},"modified":"2023-01-10T01:25:16","modified_gmt":"2023-01-10T01:25:16","slug":"62-un-ejemplo-de-que-los-discipulos-de-jesus-estaban-versados-superficialmente-en-las-escrituras","status":"publish","type":"page","link":"https:\/\/www.judaismocaraita.org\/troki\/62-un-ejemplo-de-que-los-discipulos-de-jesus-estaban-versados-superficialmente-en-las-escrituras\/","title":{"rendered":"62. Un ejemplo de que los disc\u00edpulos de Jes\u00fas estaban versados \u200b\u200bsuperficialmente en las Escrituras"},"content":{"rendered":"<p class=\"CDt4Ke zfr3Q\" dir=\"ltr\">Hechos 7: 7 , &#8220;Y yo juzgar\u00e9 a la naci\u00f3n a quien sean servidumbre, dijo Dios, y despu\u00e9s vendr\u00e1n y me servir\u00e1n en este lugar&#8221;.<\/p>\n<p class=\"CDt4Ke zfr3Q\" dir=\"ltr\">De esta cita se desprende que los disc\u00edpulos de Jes\u00fas estaban versados \u200b\u200bsuperficialmente en el conocimiento b\u00edblico. Porque en G\u00e9nesis (cap\u00edtulo 15:14 ) no se encuentran palabras como &#8220;en este lugar&#8221;; y en \u00c9xodo 3:12 , la expresi\u00f3n es: &#8220;Cuando saques a este pueblo de Egipto, servir\u00e1s a Dios en este monte&#8221;.<\/p>\n","protected":false},"excerpt":{"rendered":"<p>Hechos 7: 7 , &#8220;Y yo juzgar\u00e9 a la naci\u00f3n a quien sean servidumbre, dijo Dios, y despu\u00e9s vendr\u00e1n y me servir\u00e1n en este lugar&#8221;. De esta cita se desprende que los disc\u00edpulos de Jes\u00fas estaban versados \u200b\u200bsuperficialmente en el conocimiento b\u00edblico. Porque en G\u00e9nesis (cap\u00edtulo 15:14 ) no se encuentran palabras como &#8220;en este [&hellip;]<\/p>\n","protected":false},"author":1,"featured_media":0,"parent":0,"menu_order":0,"comment_status":"closed","ping_status":"closed","template":"","meta":{"footnotes":""},"class_list":["post-402","page","type-page","status-publish","hentry"],"_links":{"self":[{"href":"https:\/\/www.judaismocaraita.org\/troki\/wp-json\/wp\/v2\/pages\/402","targetHints":{"allow":["GET"]}}],"collection":[{"href":"https:\/\/www.judaismocaraita.org\/troki\/wp-json\/wp\/v2\/pages"}],"about":[{"href":"https:\/\/www.judaismocaraita.org\/troki\/wp-json\/wp\/v2\/types\/page"}],"author":[{"embeddable":true,"href":"https:\/\/www.judaismocaraita.org\/troki\/wp-json\/wp\/v2\/users\/1"}],"replies":[{"embeddable":true,"href":"https:\/\/www.judaismocaraita.org\/troki\/wp-json\/wp\/v2\/comments?post=402"}],"version-history":[{"count":0,"href":"https:\/\/www.judaismocaraita.org\/troki\/wp-json\/wp\/v2\/pages\/402\/revisions"}],"wp:attachment":[{"href":"https:\/\/www.judaismocaraita.org\/troki\/wp-json\/wp\/v2\/media?parent=402"}],"curies":[{"name":"wp","href":"https:\/\/api.w.org\/{rel}","templated":true}]}}