{"id":399,"date":"2023-01-10T01:23:24","date_gmt":"2023-01-10T01:23:24","guid":{"rendered":"https:\/\/leydemoises.org\/fe\/?page_id=399"},"modified":"2023-01-10T01:23:24","modified_gmt":"2023-01-10T01:23:24","slug":"61-el-error-del-nuevo-testamento-en-la-cronologia-de-las-migraciones-de-abraham","status":"publish","type":"page","link":"https:\/\/www.judaismocaraita.org\/troki\/61-el-error-del-nuevo-testamento-en-la-cronologia-de-las-migraciones-de-abraham\/","title":{"rendered":"61. El error del Nuevo Testamento en la cronolog\u00eda de las migraciones de Abraham"},"content":{"rendered":"<p class=\"CDt4Ke zfr3Q\" dir=\"ltr\">Hechos 7: 4 , &#8220;Entonces sali\u00f3 de la tierra de los caldeos y habit\u00f3 en Har\u00e1n, y de all\u00ed cuando su padre muri\u00f3, lo trajeron a esta tierra en la que ahora moras&#8221;. Ya hemos se\u00f1alado que esta afirmaci\u00f3n de la salida de Abraham de Har\u00e1n, despu\u00e9s de la muerte de su padre, es err\u00f3nea. En lugar de recapitular nuestra prueba, remitimos al lector al cap\u00edtulo 45 , de la primera parte de este trabajo.<\/p>\n<p class=\"CDt4Ke zfr3Q\" dir=\"ltr\">Es cierto que la muerte de Teraj, aunque sucedi\u00f3 despu\u00e9s de la partida de Abraham, se menciona antes; pero ese es el modo frecuente de narraci\u00f3n b\u00edblica. De la misma manera encontramos registrada la muerte de Isaac antes de la venta de Jos\u00e9, aunque un breve c\u00e1lculo mostrar\u00eda que sobrevivi\u00f3 trece a\u00f1os despu\u00e9s de la venta de su nieto.<\/p>\n","protected":false},"excerpt":{"rendered":"<p>Hechos 7: 4 , &#8220;Entonces sali\u00f3 de la tierra de los caldeos y habit\u00f3 en Har\u00e1n, y de all\u00ed cuando su padre muri\u00f3, lo trajeron a esta tierra en la que ahora moras&#8221;. Ya hemos se\u00f1alado que esta afirmaci\u00f3n de la salida de Abraham de Har\u00e1n, despu\u00e9s de la muerte de su padre, es err\u00f3nea. [&hellip;]<\/p>\n","protected":false},"author":1,"featured_media":0,"parent":0,"menu_order":0,"comment_status":"closed","ping_status":"closed","template":"","meta":{"footnotes":""},"class_list":["post-399","page","type-page","status-publish","hentry"],"_links":{"self":[{"href":"https:\/\/www.judaismocaraita.org\/troki\/wp-json\/wp\/v2\/pages\/399","targetHints":{"allow":["GET"]}}],"collection":[{"href":"https:\/\/www.judaismocaraita.org\/troki\/wp-json\/wp\/v2\/pages"}],"about":[{"href":"https:\/\/www.judaismocaraita.org\/troki\/wp-json\/wp\/v2\/types\/page"}],"author":[{"embeddable":true,"href":"https:\/\/www.judaismocaraita.org\/troki\/wp-json\/wp\/v2\/users\/1"}],"replies":[{"embeddable":true,"href":"https:\/\/www.judaismocaraita.org\/troki\/wp-json\/wp\/v2\/comments?post=399"}],"version-history":[{"count":0,"href":"https:\/\/www.judaismocaraita.org\/troki\/wp-json\/wp\/v2\/pages\/399\/revisions"}],"wp:attachment":[{"href":"https:\/\/www.judaismocaraita.org\/troki\/wp-json\/wp\/v2\/media?parent=399"}],"curies":[{"name":"wp","href":"https:\/\/api.w.org\/{rel}","templated":true}]}}