{"id":384,"date":"2023-01-09T07:20:04","date_gmt":"2023-01-09T07:20:04","guid":{"rendered":"https:\/\/leydemoises.org\/fe\/?page_id=384"},"modified":"2023-01-09T07:20:04","modified_gmt":"2023-01-09T07:20:04","slug":"56-el-relato-de-la-traicion-de-judas-difiere-en-juan-de-los-sinopticos","status":"publish","type":"page","link":"https:\/\/www.judaismocaraita.org\/troki\/56-el-relato-de-la-traicion-de-judas-difiere-en-juan-de-los-sinopticos\/","title":{"rendered":"56. El relato de la traici\u00f3n de Judas difiere en Juan de los Sin\u00f3pticos"},"content":{"rendered":"<p class=\"CDt4Ke zfr3Q\" dir=\"ltr\">Juan 18: 3-5 , etc., &#8220;Judas Iscariote, habiendo recibido una banda de hombres de los principales sacerdotes y fariseos, viene con linternas&#8221;, etc., y Jes\u00fas le pregunt\u00f3: &#8220;\u00bfA qui\u00e9n busc\u00e1is? Y ellos respondieron y dijeron , Jes\u00fas de Nazaret. Jes\u00fas les dijo: Yo soy. Y tambi\u00e9n Judas, el que lo traicion\u00f3, estuvo con ellos &#8220;.<\/p>\n<p class=\"CDt4Ke zfr3Q\" dir=\"ltr\">Este relato de la traici\u00f3n difiere del que se da en Mateo 26: 47-49 ; Marcos 14: 43-46 ; y Lucas 22: 47-48 ; pues seg\u00fan los autores de las respectivas partes del Evangelio, Judas dio una se\u00f1al secreta a sus compa\u00f1eros, diciendo: &#8220;Aquel a quien besar\u00e9, \u00e9se es \u00e9l, retenlo&#8221;.<\/p>\n","protected":false},"excerpt":{"rendered":"<p>Juan 18: 3-5 , etc., &#8220;Judas Iscariote, habiendo recibido una banda de hombres de los principales sacerdotes y fariseos, viene con linternas&#8221;, etc., y Jes\u00fas le pregunt\u00f3: &#8220;\u00bfA qui\u00e9n busc\u00e1is? Y ellos respondieron y dijeron , Jes\u00fas de Nazaret. Jes\u00fas les dijo: Yo soy. Y tambi\u00e9n Judas, el que lo traicion\u00f3, estuvo con ellos &#8220;. [&hellip;]<\/p>\n","protected":false},"author":1,"featured_media":0,"parent":0,"menu_order":0,"comment_status":"closed","ping_status":"closed","template":"","meta":{"footnotes":""},"class_list":["post-384","page","type-page","status-publish","hentry"],"_links":{"self":[{"href":"https:\/\/www.judaismocaraita.org\/troki\/wp-json\/wp\/v2\/pages\/384","targetHints":{"allow":["GET"]}}],"collection":[{"href":"https:\/\/www.judaismocaraita.org\/troki\/wp-json\/wp\/v2\/pages"}],"about":[{"href":"https:\/\/www.judaismocaraita.org\/troki\/wp-json\/wp\/v2\/types\/page"}],"author":[{"embeddable":true,"href":"https:\/\/www.judaismocaraita.org\/troki\/wp-json\/wp\/v2\/users\/1"}],"replies":[{"embeddable":true,"href":"https:\/\/www.judaismocaraita.org\/troki\/wp-json\/wp\/v2\/comments?post=384"}],"version-history":[{"count":0,"href":"https:\/\/www.judaismocaraita.org\/troki\/wp-json\/wp\/v2\/pages\/384\/revisions"}],"wp:attachment":[{"href":"https:\/\/www.judaismocaraita.org\/troki\/wp-json\/wp\/v2\/media?parent=384"}],"curies":[{"name":"wp","href":"https:\/\/api.w.org\/{rel}","templated":true}]}}