{"id":381,"date":"2023-01-09T07:19:10","date_gmt":"2023-01-09T07:19:10","guid":{"rendered":"https:\/\/leydemoises.org\/fe\/?page_id=381"},"modified":"2023-01-09T07:19:10","modified_gmt":"2023-01-09T07:19:10","slug":"55-jesus-admite-ser-solo-el-mensajero-de-dios-no-dios-mismo","status":"publish","type":"page","link":"https:\/\/www.judaismocaraita.org\/troki\/55-jesus-admite-ser-solo-el-mensajero-de-dios-no-dios-mismo\/","title":{"rendered":"55. Jes\u00fas admite ser solo el mensajero de Dios, no Dios mismo"},"content":{"rendered":"<p class=\"CDt4Ke zfr3Q\" dir=\"ltr\">Juan 17: 3 , Jes\u00fas dice: &#8220;Y esta es la vida eterna: que te conozcan a ti, el \u00fanico Dios verdadero, ya Jesucristo, a quien has enviado&#8221;.<\/p>\n<p class=\"CDt4Ke zfr3Q\" dir=\"ltr\">En este vers\u00edculo, Jes\u00fas se reconoci\u00f3 a s\u00ed mismo como un simple mensajero y no como una parte integral de la Deidad. El asombro y la adoraci\u00f3n debidos al Todopoderoso tambi\u00e9n se declara , en 1 Timoteo 1:17 , que pertenece solo a Dios; porque all\u00ed encontramos: &#8220;Ahora al rey eterno, inmortal, invisible, al \u00fanico Dios sabio, sea honor y gloria por los siglos de los siglos. Am\u00e9n&#8221;.<\/p>\n<p class=\"CDt4Ke zfr3Q\" dir=\"ltr\">Si Jes\u00fas no comparte la gloria de Dios, debe depender de la voluntad de su Creador, como cualquier otra criatura.<\/p>\n","protected":false},"excerpt":{"rendered":"<p>Juan 17: 3 , Jes\u00fas dice: &#8220;Y esta es la vida eterna: que te conozcan a ti, el \u00fanico Dios verdadero, ya Jesucristo, a quien has enviado&#8221;. En este vers\u00edculo, Jes\u00fas se reconoci\u00f3 a s\u00ed mismo como un simple mensajero y no como una parte integral de la Deidad. El asombro y la adoraci\u00f3n debidos [&hellip;]<\/p>\n","protected":false},"author":1,"featured_media":0,"parent":0,"menu_order":0,"comment_status":"closed","ping_status":"closed","template":"","meta":{"footnotes":""},"class_list":["post-381","page","type-page","status-publish","hentry"],"_links":{"self":[{"href":"https:\/\/www.judaismocaraita.org\/troki\/wp-json\/wp\/v2\/pages\/381","targetHints":{"allow":["GET"]}}],"collection":[{"href":"https:\/\/www.judaismocaraita.org\/troki\/wp-json\/wp\/v2\/pages"}],"about":[{"href":"https:\/\/www.judaismocaraita.org\/troki\/wp-json\/wp\/v2\/types\/page"}],"author":[{"embeddable":true,"href":"https:\/\/www.judaismocaraita.org\/troki\/wp-json\/wp\/v2\/users\/1"}],"replies":[{"embeddable":true,"href":"https:\/\/www.judaismocaraita.org\/troki\/wp-json\/wp\/v2\/comments?post=381"}],"version-history":[{"count":0,"href":"https:\/\/www.judaismocaraita.org\/troki\/wp-json\/wp\/v2\/pages\/381\/revisions"}],"wp:attachment":[{"href":"https:\/\/www.judaismocaraita.org\/troki\/wp-json\/wp\/v2\/media?parent=381"}],"curies":[{"name":"wp","href":"https:\/\/api.w.org\/{rel}","templated":true}]}}