{"id":378,"date":"2023-01-09T07:18:21","date_gmt":"2023-01-09T07:18:21","guid":{"rendered":"https:\/\/leydemoises.org\/fe\/?page_id=378"},"modified":"2023-01-09T07:18:21","modified_gmt":"2023-01-09T07:18:21","slug":"54-jesus-da-un-mandamiento-de-moises-pero-dice-que-es-un-mandamiento-nuevo","status":"publish","type":"page","link":"https:\/\/www.judaismocaraita.org\/troki\/54-jesus-da-un-mandamiento-de-moises-pero-dice-que-es-un-mandamiento-nuevo\/","title":{"rendered":"54. Jes\u00fas da un mandamiento de Mois\u00e9s, pero dice que es un mandamiento nuevo"},"content":{"rendered":"<p>Juan 13:34 , Jes\u00fas afirma: &#8220;Un mandamiento nuevo os doy: que os am\u00e9is los unos a los otros&#8221;, etc. Este mandamiento no era de ninguna manera uno nuevo. Mois\u00e9s lo hab\u00eda inculcado en las palabras [ Lev\u00edtico 19:18 ], &#8220;Amar\u00e1s a tu pr\u00f3jimo como a ti mismo&#8221;. Mateo 19:19 y 22:39 admiten que Mois\u00e9s fue el primero en promulgar este precepto.<\/p>\n","protected":false},"excerpt":{"rendered":"<p>Juan 13:34 , Jes\u00fas afirma: &#8220;Un mandamiento nuevo os doy: que os am\u00e9is los unos a los otros&#8221;, etc. Este mandamiento no era de ninguna manera uno nuevo. Mois\u00e9s lo hab\u00eda inculcado en las palabras [ Lev\u00edtico 19:18 ], &#8220;Amar\u00e1s a tu pr\u00f3jimo como a ti mismo&#8221;. Mateo 19:19 y 22:39 admiten que Mois\u00e9s fue [&hellip;]<\/p>\n","protected":false},"author":1,"featured_media":0,"parent":0,"menu_order":0,"comment_status":"closed","ping_status":"closed","template":"","meta":{"footnotes":""},"class_list":["post-378","page","type-page","status-publish","hentry"],"_links":{"self":[{"href":"https:\/\/www.judaismocaraita.org\/troki\/wp-json\/wp\/v2\/pages\/378","targetHints":{"allow":["GET"]}}],"collection":[{"href":"https:\/\/www.judaismocaraita.org\/troki\/wp-json\/wp\/v2\/pages"}],"about":[{"href":"https:\/\/www.judaismocaraita.org\/troki\/wp-json\/wp\/v2\/types\/page"}],"author":[{"embeddable":true,"href":"https:\/\/www.judaismocaraita.org\/troki\/wp-json\/wp\/v2\/users\/1"}],"replies":[{"embeddable":true,"href":"https:\/\/www.judaismocaraita.org\/troki\/wp-json\/wp\/v2\/comments?post=378"}],"version-history":[{"count":0,"href":"https:\/\/www.judaismocaraita.org\/troki\/wp-json\/wp\/v2\/pages\/378\/revisions"}],"wp:attachment":[{"href":"https:\/\/www.judaismocaraita.org\/troki\/wp-json\/wp\/v2\/media?parent=378"}],"curies":[{"name":"wp","href":"https:\/\/api.w.org\/{rel}","templated":true}]}}