{"id":333,"date":"2023-01-09T07:05:09","date_gmt":"2023-01-09T07:05:09","guid":{"rendered":"https:\/\/leydemoises.org\/fe\/?page_id=333"},"modified":"2023-01-09T07:05:09","modified_gmt":"2023-01-09T07:05:09","slug":"39-examen-de-la-supuesta-salvacion-de-jesus-a-la-luz-del-pobre-lazaro","status":"publish","type":"page","link":"https:\/\/www.judaismocaraita.org\/troki\/39-examen-de-la-supuesta-salvacion-de-jesus-a-la-luz-del-pobre-lazaro\/","title":{"rendered":"39. Examen de la supuesta salvaci\u00f3n de Jes\u00fas a la luz del pobre L\u00e1zaro"},"content":{"rendered":"<p class=\"CDt4Ke zfr3Q\" dir=\"ltr\">Lucas 16: 22-23 , se dice que L\u00e1zaro disfruta despu\u00e9s de su muerte de la bienaventuranza de la inmortalidad en el seno de Abraham, mientras que el hombre rico, que se entreg\u00f3 a los placeres de este mundo, sufrir\u00e1 los tormentos del infierno. Se dice adem\u00e1s que subsiste una distinci\u00f3n infinita entre la morada de la gloria y la de la perdici\u00f3n.<\/p>\n<p class=\"CDt4Ke zfr3Q\" dir=\"ltr\">Seg\u00fan este relato, no parece que ni Abraham ni L\u00e1zaro estuvieran condenados despu\u00e9s de su muerte al castigo del infierno, aunque Jes\u00fas a\u00fan no hab\u00eda logrado la supuesta obra de redenci\u00f3n de la humanidad. Por lo tanto, no sabemos qu\u00e9 quieren decir los cristianos con la salvaci\u00f3n obra de Jes\u00fas, y cu\u00e1l puede ser el peligro del pecado original, cuando vemos que no afect\u00f3 a los que murieron sin redimir.<\/p>\n","protected":false},"excerpt":{"rendered":"<p>Lucas 16: 22-23 , se dice que L\u00e1zaro disfruta despu\u00e9s de su muerte de la bienaventuranza de la inmortalidad en el seno de Abraham, mientras que el hombre rico, que se entreg\u00f3 a los placeres de este mundo, sufrir\u00e1 los tormentos del infierno. Se dice adem\u00e1s que subsiste una distinci\u00f3n infinita entre la morada de [&hellip;]<\/p>\n","protected":false},"author":1,"featured_media":0,"parent":0,"menu_order":0,"comment_status":"closed","ping_status":"closed","template":"","meta":{"footnotes":""},"class_list":["post-333","page","type-page","status-publish","hentry"],"_links":{"self":[{"href":"https:\/\/www.judaismocaraita.org\/troki\/wp-json\/wp\/v2\/pages\/333","targetHints":{"allow":["GET"]}}],"collection":[{"href":"https:\/\/www.judaismocaraita.org\/troki\/wp-json\/wp\/v2\/pages"}],"about":[{"href":"https:\/\/www.judaismocaraita.org\/troki\/wp-json\/wp\/v2\/types\/page"}],"author":[{"embeddable":true,"href":"https:\/\/www.judaismocaraita.org\/troki\/wp-json\/wp\/v2\/users\/1"}],"replies":[{"embeddable":true,"href":"https:\/\/www.judaismocaraita.org\/troki\/wp-json\/wp\/v2\/comments?post=333"}],"version-history":[{"count":0,"href":"https:\/\/www.judaismocaraita.org\/troki\/wp-json\/wp\/v2\/pages\/333\/revisions"}],"wp:attachment":[{"href":"https:\/\/www.judaismocaraita.org\/troki\/wp-json\/wp\/v2\/media?parent=333"}],"curies":[{"name":"wp","href":"https:\/\/api.w.org\/{rel}","templated":true}]}}