{"id":324,"date":"2023-01-09T06:56:28","date_gmt":"2023-01-09T06:56:28","guid":{"rendered":"https:\/\/leydemoises.org\/fe\/?page_id=324"},"modified":"2023-01-09T06:56:28","modified_gmt":"2023-01-09T06:56:28","slug":"36-incumplimiento-de-isaias-61-en-jesus-quien-dijo-que-lo-cumplio-lucas-4-17-21","status":"publish","type":"page","link":"https:\/\/www.judaismocaraita.org\/troki\/36-incumplimiento-de-isaias-61-en-jesus-quien-dijo-que-lo-cumplio-lucas-4-17-21\/","title":{"rendered":"36. Incumplimiento de Isa\u00edas 61 en Jes\u00fas, quien dijo que lo cumpli\u00f3 (Lucas 4: 17-21)"},"content":{"rendered":"<p class=\"CDt4Ke zfr3Q\" dir=\"ltr\">Lucas 4: 17-21 , &#8220;Y le fue entregado (a Jes\u00fas) el libro del profeta Isa\u00edas, y cuando abri\u00f3 el libro, encontr\u00f3 el lugar donde estaba escrito: &#8216;El Esp\u00edritu de Dios est\u00e1 sobre m\u00ed , porque me ungi\u00f3 para predicar el evangelio a los pobres, me envi\u00f3 a sanar a los quebrantados de coraz\u00f3n, a predicar liberaci\u00f3n a los cautivos y recuperaci\u00f3n de la vista a los ciegos, a poner en libertad a los heridos, proclama el a\u00f1o agradable del Se\u00f1or &#8216;. Y cerr\u00f3 el libro, se lo dio de nuevo al ministro y se sent\u00f3. Y les dijo: &#8220;Hoy se cumple esta Escritura en vuestros o\u00eddos&#8221;. Isa\u00edas 61: 1-2se cita aqu\u00ed de manera confusa. Para hacer m\u00e1s hincapi\u00e9 en los poderes curativos atribuidos a Jes\u00fas, se a\u00f1ade a la misi\u00f3n del pretendido Mes\u00edas el don de devolver la vista a los ciegos. Por otro lado, se omite citar que este ser\u00eda: &#8220;Un d\u00eda de venganza para nuestro Dios; para consolar a todos los que lloran, para dar gloria a los que lloran en Sion en lugar de cenizas, aceite de alegr\u00eda en lugar de luto, el manto de alabanza en lugar de un esp\u00edritu sombr\u00edo &#8220;. Jes\u00fas no ten\u00eda derecho a atribuirse a s\u00ed mismo la gloria de las obras que no hab\u00eda realizado. Isa\u00edas habl\u00f3 aqu\u00ed de s\u00ed mismo. Y con las palabras &#8220;El Se\u00f1or me ha ungido&#8221;, no quiso decir nada m\u00e1s que haber recibido la unci\u00f3n divina como profeta. Fue \u00e9l quien fue enviado a ofrecer consuelo, para que los israelitas, durante sus largos sufrimientos, No debemos desesperarnos de la ayuda divina y de su futura restauraci\u00f3n. A ellos, los hijos de Israel exiliados, los profetas se dirigieron a ellos &#8220;como afligidos, de coraz\u00f3n quebrantado, cautivos, prisioneros, afligidos de Si\u00f3n&#8221;. Solo ellos necesitaban las promesas prof\u00e9ticas consoladoras, y solo a qui\u00e9n ten\u00edan referencia.<\/p>\n","protected":false},"excerpt":{"rendered":"<p>Lucas 4: 17-21 , &#8220;Y le fue entregado (a Jes\u00fas) el libro del profeta Isa\u00edas, y cuando abri\u00f3 el libro, encontr\u00f3 el lugar donde estaba escrito: &#8216;El Esp\u00edritu de Dios est\u00e1 sobre m\u00ed , porque me ungi\u00f3 para predicar el evangelio a los pobres, me envi\u00f3 a sanar a los quebrantados de coraz\u00f3n, a predicar [&hellip;]<\/p>\n","protected":false},"author":1,"featured_media":0,"parent":0,"menu_order":0,"comment_status":"closed","ping_status":"closed","template":"","meta":{"footnotes":""},"class_list":["post-324","page","type-page","status-publish","hentry"],"_links":{"self":[{"href":"https:\/\/www.judaismocaraita.org\/troki\/wp-json\/wp\/v2\/pages\/324","targetHints":{"allow":["GET"]}}],"collection":[{"href":"https:\/\/www.judaismocaraita.org\/troki\/wp-json\/wp\/v2\/pages"}],"about":[{"href":"https:\/\/www.judaismocaraita.org\/troki\/wp-json\/wp\/v2\/types\/page"}],"author":[{"embeddable":true,"href":"https:\/\/www.judaismocaraita.org\/troki\/wp-json\/wp\/v2\/users\/1"}],"replies":[{"embeddable":true,"href":"https:\/\/www.judaismocaraita.org\/troki\/wp-json\/wp\/v2\/comments?post=324"}],"version-history":[{"count":0,"href":"https:\/\/www.judaismocaraita.org\/troki\/wp-json\/wp\/v2\/pages\/324\/revisions"}],"wp:attachment":[{"href":"https:\/\/www.judaismocaraita.org\/troki\/wp-json\/wp\/v2\/media?parent=324"}],"curies":[{"name":"wp","href":"https:\/\/api.w.org\/{rel}","templated":true}]}}