{"id":318,"date":"2023-01-09T06:54:35","date_gmt":"2023-01-09T06:54:35","guid":{"rendered":"https:\/\/leydemoises.org\/fe\/?page_id=318"},"modified":"2023-01-09T06:54:35","modified_gmt":"2023-01-09T06:54:35","slug":"34-la-propia-refutacion-de-los-evangelios-del-milagroso-nacimiento-de-jesus","status":"publish","type":"page","link":"https:\/\/www.judaismocaraita.org\/troki\/34-la-propia-refutacion-de-los-evangelios-del-milagroso-nacimiento-de-jesus\/","title":{"rendered":"34. La propia refutaci\u00f3n de los evangelios del milagroso nacimiento de Jes\u00fas"},"content":{"rendered":"<p class=\"CDt4Ke zfr3Q\" dir=\"ltr\">Lucas 2:33 , &#8220;Y Jos\u00e9 y su madre estaban maravillados de lo que se dec\u00eda de \u00e9l&#8221;.<\/p>\n<p class=\"CDt4Ke zfr3Q\" dir=\"ltr\">El ni\u00f1o se qued\u00f3 &#8220;atr\u00e1s en Jerusal\u00e9n, y sus padres no lo supieron&#8221;. &#8221; Y cuando le vieron , se asombraron, y su madre le dijo: Hijo, \u00bfpor qu\u00e9 nos has tratado as\u00ed? He aqu\u00ed, tu padre y yo te hemos buscado con dolor?&#8221; vers\u00edculo 43, 48. Ib\u00edd. 4:22 , &#8220;Y ellos dijeron: \u00bfNo es \u00e9ste el hijo de Jos\u00e9?&#8221; V\u00e9ase tambi\u00e9n Juan 1:45 , &#8220;Jes\u00fas de Nazaret, hijo de Jos\u00e9&#8221;; e ibid. 6:42 , &#8220;\u00bfNo es \u00e9ste Jes\u00fas el hijo de Jos\u00e9, cuyo padre y madre nosotros conocemos?&#8221;<\/p>\n<p class=\"CDt4Ke zfr3Q\" dir=\"ltr\">Estos pasajes ofrecen una refutaci\u00f3n completa de la doctrina de la concepci\u00f3n milagrosa de Jes\u00fas y, por lo tanto, socavaron la base de la fe cristiana.<\/p>\n","protected":false},"excerpt":{"rendered":"<p>Lucas 2:33 , &#8220;Y Jos\u00e9 y su madre estaban maravillados de lo que se dec\u00eda de \u00e9l&#8221;. El ni\u00f1o se qued\u00f3 &#8220;atr\u00e1s en Jerusal\u00e9n, y sus padres no lo supieron&#8221;. &#8221; Y cuando le vieron , se asombraron, y su madre le dijo: Hijo, \u00bfpor qu\u00e9 nos has tratado as\u00ed? He aqu\u00ed, tu padre y [&hellip;]<\/p>\n","protected":false},"author":1,"featured_media":0,"parent":0,"menu_order":0,"comment_status":"closed","ping_status":"closed","template":"","meta":{"footnotes":""},"class_list":["post-318","page","type-page","status-publish","hentry"],"_links":{"self":[{"href":"https:\/\/www.judaismocaraita.org\/troki\/wp-json\/wp\/v2\/pages\/318","targetHints":{"allow":["GET"]}}],"collection":[{"href":"https:\/\/www.judaismocaraita.org\/troki\/wp-json\/wp\/v2\/pages"}],"about":[{"href":"https:\/\/www.judaismocaraita.org\/troki\/wp-json\/wp\/v2\/types\/page"}],"author":[{"embeddable":true,"href":"https:\/\/www.judaismocaraita.org\/troki\/wp-json\/wp\/v2\/users\/1"}],"replies":[{"embeddable":true,"href":"https:\/\/www.judaismocaraita.org\/troki\/wp-json\/wp\/v2\/comments?post=318"}],"version-history":[{"count":0,"href":"https:\/\/www.judaismocaraita.org\/troki\/wp-json\/wp\/v2\/pages\/318\/revisions"}],"wp:attachment":[{"href":"https:\/\/www.judaismocaraita.org\/troki\/wp-json\/wp\/v2\/media?parent=318"}],"curies":[{"name":"wp","href":"https:\/\/api.w.org\/{rel}","templated":true}]}}