{"id":303,"date":"2023-01-09T06:50:26","date_gmt":"2023-01-09T06:50:26","guid":{"rendered":"https:\/\/leydemoises.org\/fe\/?page_id=303"},"modified":"2023-01-09T06:50:26","modified_gmt":"2023-01-09T06:50:26","slug":"29-discordia-mutua-entre-jesus-y-su-familia","status":"publish","type":"page","link":"https:\/\/www.judaismocaraita.org\/troki\/29-discordia-mutua-entre-jesus-y-su-familia\/","title":{"rendered":"29. Discordia mutua entre Jes\u00fas y su familia"},"content":{"rendered":"<p>Marcos 3: 31-35 , &#8220;Vinieron entonces sus hermanos y su madre, y estando afuera, enviaron a llamarlo; y la multitud se sent\u00f3 a su alrededor, y le dijeron: He aqu\u00ed tu madre y tus hermanos afuera te buscan . Y \u00e9l les respondi\u00f3, diciendo: \u00bfQui\u00e9n es mi madre, o mis hermanos? Y mir\u00f3 a los que estaban sentados alrededor de \u00e9l, y dijo: He aqu\u00ed mi madre y mis hermanos. Porque cualquiera que haga la voluntad de Dios, el mismo es mi hermano, mi hermana y mi madre &#8220;. El mismo tema ocurre en Mateo, al final del cap\u00edtulo 12 ; y en Lucas 8: 19-21. De estas declaraciones se desprende que su propia madre, sus hermanos y su hermana no creer\u00edan en \u00e9l y no ser\u00edan sus disc\u00edpulos, y que \u00e9l no ir\u00eda al encuentro de los que eran de su propia carne. La alusi\u00f3n a la discordia mutua entre ellos es confirmada por la declaraci\u00f3n en Juan 7: 5 , &#8220;Porque ni sus hermanos creyeron en \u00e9l&#8221;.<\/p>\n","protected":false},"excerpt":{"rendered":"<p>Marcos 3: 31-35 , &#8220;Vinieron entonces sus hermanos y su madre, y estando afuera, enviaron a llamarlo; y la multitud se sent\u00f3 a su alrededor, y le dijeron: He aqu\u00ed tu madre y tus hermanos afuera te buscan . Y \u00e9l les respondi\u00f3, diciendo: \u00bfQui\u00e9n es mi madre, o mis hermanos? Y mir\u00f3 a los [&hellip;]<\/p>\n","protected":false},"author":1,"featured_media":0,"parent":0,"menu_order":0,"comment_status":"closed","ping_status":"closed","template":"","meta":{"footnotes":""},"class_list":["post-303","page","type-page","status-publish","hentry"],"_links":{"self":[{"href":"https:\/\/www.judaismocaraita.org\/troki\/wp-json\/wp\/v2\/pages\/303","targetHints":{"allow":["GET"]}}],"collection":[{"href":"https:\/\/www.judaismocaraita.org\/troki\/wp-json\/wp\/v2\/pages"}],"about":[{"href":"https:\/\/www.judaismocaraita.org\/troki\/wp-json\/wp\/v2\/types\/page"}],"author":[{"embeddable":true,"href":"https:\/\/www.judaismocaraita.org\/troki\/wp-json\/wp\/v2\/users\/1"}],"replies":[{"embeddable":true,"href":"https:\/\/www.judaismocaraita.org\/troki\/wp-json\/wp\/v2\/comments?post=303"}],"version-history":[{"count":0,"href":"https:\/\/www.judaismocaraita.org\/troki\/wp-json\/wp\/v2\/pages\/303\/revisions"}],"wp:attachment":[{"href":"https:\/\/www.judaismocaraita.org\/troki\/wp-json\/wp\/v2\/media?parent=303"}],"curies":[{"name":"wp","href":"https:\/\/api.w.org\/{rel}","templated":true}]}}