{"id":285,"date":"2023-01-09T06:45:52","date_gmt":"2023-01-09T06:45:52","guid":{"rendered":"https:\/\/leydemoises.org\/fe\/?page_id=285"},"modified":"2023-01-09T06:45:52","modified_gmt":"2023-01-09T06:45:52","slug":"23-el-desacuerdo-en-las-historias-de-la-uncion-de-aceite-de-jesus-demuestra-una-inspiracion-no-divina","status":"publish","type":"page","link":"https:\/\/www.judaismocaraita.org\/troki\/23-el-desacuerdo-en-las-historias-de-la-uncion-de-aceite-de-jesus-demuestra-una-inspiracion-no-divina\/","title":{"rendered":"23. El desacuerdo en las historias de la unci\u00f3n de aceite de Jes\u00fas demuestra una inspiraci\u00f3n no divina"},"content":{"rendered":"<p class=\"CDt4Ke zfr3Q\" dir=\"ltr\">Mateo 26: 6-7 , &#8220;Cuando Jes\u00fas estaba en Betania, en casa de Sim\u00f3n el leproso, se le acerc\u00f3 una mujer que ten\u00eda un frasco de alabastro de ung\u00fcento de gran precio, y lo derram\u00f3 sobre su cabeza&#8221;. En Marcos 14: 3 , la narraci\u00f3n se da con las siguientes palabras: &#8220;Y estando en Betania, en la casa de Sim\u00f3n el leproso, vino una mujer que ten\u00eda un frasco de alabastro de ung\u00fcento de nardo, muy precioso, y rompi\u00f3 el frasco&#8221;. y lo derram\u00f3 sobre su cabeza. &#8221; En Lucas 7: 37-38 , sin embargo, la versi\u00f3n es muy diferente; &#8220;Y he aqu\u00ed una mujer trajo un ung\u00fcento de alabastro, y se par\u00f3 a sus pies detr\u00e1s de \u00e9l, y los ungi\u00f3 con ung\u00fcento&#8221;. Entonces Jes\u00fas le dijo a Sim\u00f3n, el due\u00f1o de la casa (vers\u00edculo 46), &#8220;No ungiste mi cabeza con aceite, pero esta mujer ungi\u00f3 mis pies con ung\u00fcento&#8221;.<\/p>\n<p class=\"CDt4Ke zfr3Q\" dir=\"ltr\">En Juan 12: 3 la historia se narra as\u00ed: &#8220;Entonces tom\u00f3 Mar\u00eda una libra de ung\u00fcento de nardo, muy costoso, y ungi\u00f3 los pies de Jes\u00fas&#8221;. Estos extractos, de los varios libros del Nuevo Testamento, son muestras curiosas de la falta de acuerdo entre los varios autores, quienes necesariamente habr\u00edan estado en perfecta unanimidad, si hubieran estado bajo la influencia de la inspiraci\u00f3n divina.<\/p>\n","protected":false},"excerpt":{"rendered":"<p>Mateo 26: 6-7 , &#8220;Cuando Jes\u00fas estaba en Betania, en casa de Sim\u00f3n el leproso, se le acerc\u00f3 una mujer que ten\u00eda un frasco de alabastro de ung\u00fcento de gran precio, y lo derram\u00f3 sobre su cabeza&#8221;. En Marcos 14: 3 , la narraci\u00f3n se da con las siguientes palabras: &#8220;Y estando en Betania, en [&hellip;]<\/p>\n","protected":false},"author":1,"featured_media":0,"parent":0,"menu_order":0,"comment_status":"closed","ping_status":"closed","template":"","meta":{"footnotes":""},"class_list":["post-285","page","type-page","status-publish","hentry"],"_links":{"self":[{"href":"https:\/\/www.judaismocaraita.org\/troki\/wp-json\/wp\/v2\/pages\/285","targetHints":{"allow":["GET"]}}],"collection":[{"href":"https:\/\/www.judaismocaraita.org\/troki\/wp-json\/wp\/v2\/pages"}],"about":[{"href":"https:\/\/www.judaismocaraita.org\/troki\/wp-json\/wp\/v2\/types\/page"}],"author":[{"embeddable":true,"href":"https:\/\/www.judaismocaraita.org\/troki\/wp-json\/wp\/v2\/users\/1"}],"replies":[{"embeddable":true,"href":"https:\/\/www.judaismocaraita.org\/troki\/wp-json\/wp\/v2\/comments?post=285"}],"version-history":[{"count":0,"href":"https:\/\/www.judaismocaraita.org\/troki\/wp-json\/wp\/v2\/pages\/285\/revisions"}],"wp:attachment":[{"href":"https:\/\/www.judaismocaraita.org\/troki\/wp-json\/wp\/v2\/media?parent=285"}],"curies":[{"name":"wp","href":"https:\/\/api.w.org\/{rel}","templated":true}]}}