{"id":271,"date":"2023-01-09T06:42:15","date_gmt":"2023-01-09T06:42:15","guid":{"rendered":"https:\/\/leydemoises.org\/fe\/?page_id=271"},"modified":"2023-01-09T06:42:15","modified_gmt":"2023-01-09T06:42:15","slug":"19-una-segunda-prueba-de-jesus-contra-la-doctrina-de-la-trinidad-mateo-1916-marcos-1021","status":"publish","type":"page","link":"https:\/\/www.judaismocaraita.org\/troki\/19-una-segunda-prueba-de-jesus-contra-la-doctrina-de-la-trinidad-mateo-1916-marcos-1021\/","title":{"rendered":"19. Una segunda prueba de Jes\u00fas contra la doctrina de la trinidad (Mateo 19:16, Marcos 10:21)"},"content":{"rendered":"<p class=\"CDt4Ke zfr3Q\" dir=\"ltr\">Mateo 19:16 y vers\u00edculos siguientes: &#8220;Y he aqu\u00ed, se acerc\u00f3 uno y le dijo: Maestro bueno, \u00bfQu\u00e9 bien har\u00e9 para tener la vida eterna? Y \u00e9l le dijo: \u00bfPor qu\u00e9 me llamas bueno? No hay bueno sino uno, que es Dios &#8220;; una expresi\u00f3n que prueba que Jes\u00fas no es Dios. Entonces Jes\u00fas continu\u00f3: &#8220;Si deseas la salvaci\u00f3n espiritual, guarda los mandamientos&#8221;. Un mandato que indica que no hay salvaci\u00f3n sin la observancia de la ley de Mois\u00e9s. \u00c9l le dijo: &#8220;\u00bfCu\u00e1l?&#8221; Jes\u00fas dijo: &#8220;No matar\u00e1s. No cometer\u00e1s adulterio. No robar\u00e1s. No dar\u00e1s falso testimonio. Honra a tu padre ya tu madre, y amar\u00e1s a tu pr\u00f3jimo como a ti mismo&#8221;. Adem\u00e1s dijo: &#8220;Si quieres ser perfecto, ve, vende lo que tienes y d\u00e1selo a los pobres. Lucas 18:22, Jes\u00fas aconseja as\u00ed: &#8220;Vende todo lo que tienes y distrib\u00fayelo a los pobres&#8221;, etc. Jes\u00fas, al decir que no hay nada bueno sino uno, que es Dios, ense\u00f1\u00f3 a sus seguidores un principio monote\u00edsta. Les ense\u00f1\u00f3 al mismo tiempo que la salvaci\u00f3n depende de la observancia de los mandamientos divinos. Todos estos mandatos, dados por Jes\u00fas, son renunciados por los cristianos; y as\u00ed, habiendo desechado esas observancias inconvenientes y onerosas ense\u00f1adas en el Nuevo Testamento, bien podr\u00edan alegar que los severos preceptos de la Ley mosaica fueron abrogados, y deben ceder ante un Legislador cuyas leyes creen conveniente ignorar. Preguntar\u00edamos, \u00bfQu\u00e9 precepto es el m\u00e1s severo, el de Jes\u00fas, que exige que un hombre se despoje de su propiedad en beneficio de los pobres, o la Ley mosaica.<\/p>\n","protected":false},"excerpt":{"rendered":"<p>Mateo 19:16 y vers\u00edculos siguientes: &#8220;Y he aqu\u00ed, se acerc\u00f3 uno y le dijo: Maestro bueno, \u00bfQu\u00e9 bien har\u00e9 para tener la vida eterna? Y \u00e9l le dijo: \u00bfPor qu\u00e9 me llamas bueno? No hay bueno sino uno, que es Dios &#8220;; una expresi\u00f3n que prueba que Jes\u00fas no es Dios. Entonces Jes\u00fas continu\u00f3: &#8220;Si [&hellip;]<\/p>\n","protected":false},"author":1,"featured_media":0,"parent":0,"menu_order":0,"comment_status":"closed","ping_status":"closed","template":"","meta":{"footnotes":""},"class_list":["post-271","page","type-page","status-publish","hentry"],"_links":{"self":[{"href":"https:\/\/www.judaismocaraita.org\/troki\/wp-json\/wp\/v2\/pages\/271","targetHints":{"allow":["GET"]}}],"collection":[{"href":"https:\/\/www.judaismocaraita.org\/troki\/wp-json\/wp\/v2\/pages"}],"about":[{"href":"https:\/\/www.judaismocaraita.org\/troki\/wp-json\/wp\/v2\/types\/page"}],"author":[{"embeddable":true,"href":"https:\/\/www.judaismocaraita.org\/troki\/wp-json\/wp\/v2\/users\/1"}],"replies":[{"embeddable":true,"href":"https:\/\/www.judaismocaraita.org\/troki\/wp-json\/wp\/v2\/comments?post=271"}],"version-history":[{"count":0,"href":"https:\/\/www.judaismocaraita.org\/troki\/wp-json\/wp\/v2\/pages\/271\/revisions"}],"wp:attachment":[{"href":"https:\/\/www.judaismocaraita.org\/troki\/wp-json\/wp\/v2\/media?parent=271"}],"curies":[{"name":"wp","href":"https:\/\/api.w.org\/{rel}","templated":true}]}}