{"id":265,"date":"2023-01-09T06:39:51","date_gmt":"2023-01-09T06:39:51","guid":{"rendered":"https:\/\/leydemoises.org\/fe\/?page_id=265"},"modified":"2023-01-09T06:39:51","modified_gmt":"2023-01-09T06:39:51","slug":"17-otro-desafio-a-la-virginidad-de-maria-de-mateo-1355-marcos-6-3","status":"publish","type":"page","link":"https:\/\/www.judaismocaraita.org\/troki\/17-otro-desafio-a-la-virginidad-de-maria-de-mateo-1355-marcos-6-3\/","title":{"rendered":"17. Otro desaf\u00edo a la virginidad de Mar\u00eda de Mateo 13:55, Marcos 6: 3"},"content":{"rendered":"<p>Mateo 13:55 ; all\u00ed se relata que los jud\u00edos dijeron de Jes\u00fas: &#8220;\u00bfNo es \u00e9ste el hijo de los carpinteros? \u00bfY no se llama su madre Mar\u00eda, y sus hermanos Jacobo, Jos\u00e9, Sim\u00f3n y Judas? Y sus hermanas, \u00bfno est\u00e1n todas con \u00bfnos?&#8221; Vea tambi\u00e9n Marcos 6: 3 . Entonces, \u00bfc\u00f3mo pueden los cristianos adorar constantemente a Mar\u00eda como virgen, habiendo dado a luz a varios hermanos y hermanas de Jes\u00fas?<\/p>\n","protected":false},"excerpt":{"rendered":"<p>Mateo 13:55 ; all\u00ed se relata que los jud\u00edos dijeron de Jes\u00fas: &#8220;\u00bfNo es \u00e9ste el hijo de los carpinteros? \u00bfY no se llama su madre Mar\u00eda, y sus hermanos Jacobo, Jos\u00e9, Sim\u00f3n y Judas? Y sus hermanas, \u00bfno est\u00e1n todas con \u00bfnos?&#8221; Vea tambi\u00e9n Marcos 6: 3 . Entonces, \u00bfc\u00f3mo pueden los cristianos adorar [&hellip;]<\/p>\n","protected":false},"author":1,"featured_media":0,"parent":0,"menu_order":0,"comment_status":"closed","ping_status":"closed","template":"","meta":{"footnotes":""},"class_list":["post-265","page","type-page","status-publish","hentry"],"_links":{"self":[{"href":"https:\/\/www.judaismocaraita.org\/troki\/wp-json\/wp\/v2\/pages\/265","targetHints":{"allow":["GET"]}}],"collection":[{"href":"https:\/\/www.judaismocaraita.org\/troki\/wp-json\/wp\/v2\/pages"}],"about":[{"href":"https:\/\/www.judaismocaraita.org\/troki\/wp-json\/wp\/v2\/types\/page"}],"author":[{"embeddable":true,"href":"https:\/\/www.judaismocaraita.org\/troki\/wp-json\/wp\/v2\/users\/1"}],"replies":[{"embeddable":true,"href":"https:\/\/www.judaismocaraita.org\/troki\/wp-json\/wp\/v2\/comments?post=265"}],"version-history":[{"count":0,"href":"https:\/\/www.judaismocaraita.org\/troki\/wp-json\/wp\/v2\/pages\/265\/revisions"}],"wp:attachment":[{"href":"https:\/\/www.judaismocaraita.org\/troki\/wp-json\/wp\/v2\/media?parent=265"}],"curies":[{"name":"wp","href":"https:\/\/api.w.org\/{rel}","templated":true}]}}