{"id":259,"date":"2023-01-09T06:38:49","date_gmt":"2023-01-09T06:38:49","guid":{"rendered":"https:\/\/leydemoises.org\/fe\/?page_id=259"},"modified":"2023-01-09T06:38:49","modified_gmt":"2023-01-09T06:38:49","slug":"15-la-afirmacion-de-jesus-de-que-juan-el-bautista-era-elias-refutada","status":"publish","type":"page","link":"https:\/\/www.judaismocaraita.org\/troki\/15-la-afirmacion-de-jesus-de-que-juan-el-bautista-era-elias-refutada\/","title":{"rendered":"15. La afirmaci\u00f3n de Jes\u00fas de que Juan el Bautista era El\u00edas refutada"},"content":{"rendered":"<p>Mateo 11: 13-14 , se le hace decir a Jes\u00fas: &#8220;Todos los profetas y la ley profetizaron hasta Juan, y si la recib\u00eds, este es El\u00edas, el que hab\u00eda de venir&#8221;. Vea el mismo pasaje en Lucas 16:16 . A partir de esto, parecer\u00eda que se pretend\u00eda inculcar una creencia, que la ley y las profec\u00edas ten\u00edan solo un cierto objeto temporal a la vista, que era encontrar su punto de consumaci\u00f3n en Juan, un contempor\u00e1neo de Jes\u00fas. Por otro lado, Jes\u00fas declar\u00f3 en Mateo 5:17 : &#8220;No pens\u00e9is que he venido para abrogar la ley o los profetas; no he venido para abrogar, sino para cumplir&#8221;. (Vea nuestra opini\u00f3n sobre este tema en el Cap\u00edtulo 19 de la Primera Partede este trabajo). Hac\u00edamos la pregunta, \u00bfc\u00f3mo cumpli\u00f3 con la reuni\u00f3n predicha de las Diez Tribus y la continuaci\u00f3n de la guerra contra Gog y Magog? Tambi\u00e9n notaremos una discrepancia entre la opini\u00f3n sostenida en este cap\u00edtulo de Mateo, que Juan era el El\u00edas (El\u00edas) de la Biblia, y la siguiente declaraci\u00f3n hecha por el autor del Evangelio de Juan: &#8220;Y le preguntaron: \u00bfQu\u00e9 \u00bfEntonces? \u00bfEres t\u00fa El\u00edas? Y \u00e9l dice: No lo soy. \u00bfEres t\u00fa el Profeta? Y \u00e9l respondi\u00f3: No &#8220;. (Ver Cap\u00edtulo 39 de la Primera Parte de este trabajo).<\/p>\n","protected":false},"excerpt":{"rendered":"<p>Mateo 11: 13-14 , se le hace decir a Jes\u00fas: &#8220;Todos los profetas y la ley profetizaron hasta Juan, y si la recib\u00eds, este es El\u00edas, el que hab\u00eda de venir&#8221;. Vea el mismo pasaje en Lucas 16:16 . A partir de esto, parecer\u00eda que se pretend\u00eda inculcar una creencia, que la ley y las [&hellip;]<\/p>\n","protected":false},"author":1,"featured_media":0,"parent":0,"menu_order":0,"comment_status":"closed","ping_status":"closed","template":"","meta":{"footnotes":""},"class_list":["post-259","page","type-page","status-publish","hentry"],"_links":{"self":[{"href":"https:\/\/www.judaismocaraita.org\/troki\/wp-json\/wp\/v2\/pages\/259","targetHints":{"allow":["GET"]}}],"collection":[{"href":"https:\/\/www.judaismocaraita.org\/troki\/wp-json\/wp\/v2\/pages"}],"about":[{"href":"https:\/\/www.judaismocaraita.org\/troki\/wp-json\/wp\/v2\/types\/page"}],"author":[{"embeddable":true,"href":"https:\/\/www.judaismocaraita.org\/troki\/wp-json\/wp\/v2\/users\/1"}],"replies":[{"embeddable":true,"href":"https:\/\/www.judaismocaraita.org\/troki\/wp-json\/wp\/v2\/comments?post=259"}],"version-history":[{"count":0,"href":"https:\/\/www.judaismocaraita.org\/troki\/wp-json\/wp\/v2\/pages\/259\/revisions"}],"wp:attachment":[{"href":"https:\/\/www.judaismocaraita.org\/troki\/wp-json\/wp\/v2\/media?parent=259"}],"curies":[{"name":"wp","href":"https:\/\/api.w.org\/{rel}","templated":true}]}}