{"id":243,"date":"2023-01-09T06:28:51","date_gmt":"2023-01-09T06:28:51","guid":{"rendered":"https:\/\/leydemoises.org\/fe\/?page_id=243"},"modified":"2023-01-09T06:28:51","modified_gmt":"2023-01-09T06:28:51","slug":"10-la-doctrina-de-que-la-ley-de-moises-fue-reemplazada-por-jesus-contradice-a-jesus","status":"publish","type":"page","link":"https:\/\/www.judaismocaraita.org\/troki\/10-la-doctrina-de-que-la-ley-de-moises-fue-reemplazada-por-jesus-contradice-a-jesus\/","title":{"rendered":"10. La doctrina de que la ley de Mois\u00e9s fue reemplazada por Jes\u00fas contradice a Jes\u00fas"},"content":{"rendered":"<p>Mateo 5: 17-19 , &#8220;No pens\u00e9is que he venido para abrogar la ley o los profetas. No he venido para abrogar, sino para cumplir. Porque de cierto os digo que hasta que pasen el cielo y la tierra, una jota o Ni una tilde pasar\u00e1 de la ley hasta que todo se haya cumplido. Por tanto, cualquiera que quebrantare uno de estos mandamientos m\u00e1s peque\u00f1os, y as\u00ed lo ense\u00f1are a los hombres, ser\u00e1 llamado el m\u00e1s peque\u00f1o en el reino de los cielos; pero cualquiera que haga y ens\u00e9\u00f1ales, en el reino de los cielos ser\u00e1 llamado grande &#8220;. Entonces en Lucas 16:17, &#8220;Y es m\u00e1s f\u00e1cil que el cielo y la tierra pasen, que una tilde de la ley que falle&#8221;. Estas palabras est\u00e1n en oposici\u00f3n directa a la creencia y afirmaci\u00f3n de los cristianos de que la ley de Mois\u00e9s ha sido reemplazada por la venida de Jes\u00fas. Por tanto, la circuncisi\u00f3n es reemplazada por el bautismo, y la santidad del s\u00e9ptimo d\u00eda se difiere a la observancia del primer d\u00eda de la semana. Con la misma libertad inexcusable, muchas otras leyes divinas han sido rechazadas por los cristianos, manteni\u00e9ndose pocas, como las relativas al incesto y las promulgaciones morales, el respeto a los padres, el amor al pr\u00f3jimo, la caridad con los pobres, la evitaci\u00f3n del robo, rapi\u00f1a, adulterio, asesinato, derramamiento de sangre y algunos otros cr\u00edmenes que la raz\u00f3n impone y que otras naciones, que no ten\u00edan revelaci\u00f3n, hab\u00edan reconocido antes de la venida de Jes\u00fas. <a class=\"XqQF9c rXJpyf\" href=\"http:\/\/www.google.com\/url?q=http%3A%2F%2Ffaithstrengthened.karaitejudaism.org%2FFSpart1chapter19.html&amp;sa=D&amp;sntz=1&amp;usg=AOvVaw3ZoQwim-v4qLb1phXI_3Ca\" target=\"_blank\" rel=\"noopener\">Cap\u00edtulo 19<\/a> de la Primera Parte de este trabajo.<\/p>\n","protected":false},"excerpt":{"rendered":"<p>Mateo 5: 17-19 , &#8220;No pens\u00e9is que he venido para abrogar la ley o los profetas. No he venido para abrogar, sino para cumplir. Porque de cierto os digo que hasta que pasen el cielo y la tierra, una jota o Ni una tilde pasar\u00e1 de la ley hasta que todo se haya cumplido. Por [&hellip;]<\/p>\n","protected":false},"author":1,"featured_media":0,"parent":0,"menu_order":0,"comment_status":"closed","ping_status":"closed","template":"","meta":{"footnotes":""},"class_list":["post-243","page","type-page","status-publish","hentry"],"_links":{"self":[{"href":"https:\/\/www.judaismocaraita.org\/troki\/wp-json\/wp\/v2\/pages\/243","targetHints":{"allow":["GET"]}}],"collection":[{"href":"https:\/\/www.judaismocaraita.org\/troki\/wp-json\/wp\/v2\/pages"}],"about":[{"href":"https:\/\/www.judaismocaraita.org\/troki\/wp-json\/wp\/v2\/types\/page"}],"author":[{"embeddable":true,"href":"https:\/\/www.judaismocaraita.org\/troki\/wp-json\/wp\/v2\/users\/1"}],"replies":[{"embeddable":true,"href":"https:\/\/www.judaismocaraita.org\/troki\/wp-json\/wp\/v2\/comments?post=243"}],"version-history":[{"count":0,"href":"https:\/\/www.judaismocaraita.org\/troki\/wp-json\/wp\/v2\/pages\/243\/revisions"}],"wp:attachment":[{"href":"https:\/\/www.judaismocaraita.org\/troki\/wp-json\/wp\/v2\/media?parent=243"}],"curies":[{"name":"wp","href":"https:\/\/api.w.org\/{rel}","templated":true}]}}