{"id":230,"date":"2023-01-09T06:19:12","date_gmt":"2023-01-09T06:19:12","guid":{"rendered":"https:\/\/leydemoises.org\/fe\/?page_id=230"},"modified":"2023-01-09T06:19:12","modified_gmt":"2023-01-09T06:19:12","slug":"6-la-invencion-de-mateo-de-la-profecia-del-mesias-siendo-de-nazaret","status":"publish","type":"page","link":"https:\/\/www.judaismocaraita.org\/troki\/6-la-invencion-de-mateo-de-la-profecia-del-mesias-siendo-de-nazaret\/","title":{"rendered":"6. La invenci\u00f3n de Mateo de la profec\u00eda del Mes\u00edas siendo de Nazaret"},"content":{"rendered":"<p>Mateo 2:23 , &#8220;Y vino y habit\u00f3 en una ciudad que se llama Nazaret, para que se cumpliera lo dicho por los profetas: Ser\u00e1 llamado Nazareno&#8221;. Esta cita ha sido falsa y no se encuentra en ninguna parte de nuestros escritos prof\u00e9ticos; qu\u00e9 tema se ha tratado con m\u00e1s detalle en la primera parte de este trabajo. Consulte el cap\u00edtulo 23 de la PRIMERA PARTE .<\/p>\n","protected":false},"excerpt":{"rendered":"<p>Mateo 2:23 , &#8220;Y vino y habit\u00f3 en una ciudad que se llama Nazaret, para que se cumpliera lo dicho por los profetas: Ser\u00e1 llamado Nazareno&#8221;. Esta cita ha sido falsa y no se encuentra en ninguna parte de nuestros escritos prof\u00e9ticos; qu\u00e9 tema se ha tratado con m\u00e1s detalle en la primera parte de [&hellip;]<\/p>\n","protected":false},"author":1,"featured_media":0,"parent":0,"menu_order":0,"comment_status":"closed","ping_status":"closed","template":"","meta":{"footnotes":""},"class_list":["post-230","page","type-page","status-publish","hentry"],"_links":{"self":[{"href":"https:\/\/www.judaismocaraita.org\/troki\/wp-json\/wp\/v2\/pages\/230","targetHints":{"allow":["GET"]}}],"collection":[{"href":"https:\/\/www.judaismocaraita.org\/troki\/wp-json\/wp\/v2\/pages"}],"about":[{"href":"https:\/\/www.judaismocaraita.org\/troki\/wp-json\/wp\/v2\/types\/page"}],"author":[{"embeddable":true,"href":"https:\/\/www.judaismocaraita.org\/troki\/wp-json\/wp\/v2\/users\/1"}],"replies":[{"embeddable":true,"href":"https:\/\/www.judaismocaraita.org\/troki\/wp-json\/wp\/v2\/comments?post=230"}],"version-history":[{"count":0,"href":"https:\/\/www.judaismocaraita.org\/troki\/wp-json\/wp\/v2\/pages\/230\/revisions"}],"wp:attachment":[{"href":"https:\/\/www.judaismocaraita.org\/troki\/wp-json\/wp\/v2\/media?parent=230"}],"curies":[{"name":"wp","href":"https:\/\/api.w.org\/{rel}","templated":true}]}}