{"id":203,"date":"2023-01-09T06:02:41","date_gmt":"2023-01-09T06:02:41","guid":{"rendered":"https:\/\/leydemoises.org\/fe\/?page_id=203"},"modified":"2023-01-09T06:02:41","modified_gmt":"2023-01-09T06:02:41","slug":"49-innumerables-inconsistencias-entre-las-doctrinas-cristianas-y-las-ensenanzas-de-jesus","status":"publish","type":"page","link":"https:\/\/www.judaismocaraita.org\/troki\/49-innumerables-inconsistencias-entre-las-doctrinas-cristianas-y-las-ensenanzas-de-jesus\/","title":{"rendered":"49. Innumerables inconsistencias entre las doctrinas cristianas y las ense\u00f1anzas de Jes\u00fas"},"content":{"rendered":"<p class=\"CDt4Ke zfr3Q\" dir=\"ltr\">Un grado extraordinario de inconsistencia se presenta en numerosos puntos cuando comparamos la doctrina de los cristianos con las ense\u00f1anzas de Jes\u00fas y sus Ap\u00f3stoles.<\/p>\n<p class=\"CDt4Ke zfr3Q\" dir=\"ltr\">En primer lugar, encontramos que Jes\u00fas, en ninguna parte del Nuevo Testamento, se llama a s\u00ed mismo &#8220;Dios&#8221;, sino que continuamente se llama a s\u00ed mismo &#8220;Hombre&#8221; o &#8220;el Hijo del Hombre&#8221;. El t\u00edtulo de Divinidad atribuido a Jes\u00fas se le confiere, en consecuencia, sin la sanci\u00f3n de ese libro, cuya autoridad s\u00f3lo puede ser de valor para los cristianos.<\/p>\n<p class=\"CDt4Ke zfr3Q\" dir=\"ltr\">En segundo lugar, notamos que Jes\u00fas se expresa, en varios lugares, que no vino a abolir la ley de Mois\u00e9s, sino a defenderla. As\u00ed leemos en Mateo 5:17, 18 : &#8220;No pens\u00e9is que he venido para abrogar la ley o los profetas; no he venido para abrogar, sino para cumplir; porque de cierto os digo que hasta que pasen el cielo y la tierra, ni una jota ni una tilde se apartar\u00e1 de la ley, hasta que todo se haya cumplido &#8220;. De manera similar, encontramos en Lucas 16:17 , &#8220;Y m\u00e1s f\u00e1cil es pasar cielo y tierra, que fallar una tilde de la ley&#8221;. Sin embargo, los cristianos persisten en creer que la dispensaci\u00f3n mosaica ya no est\u00e1 en vigor, sino que ha sido reemplazada por la de Jes\u00fas.<\/p>\n<p class=\"CDt4Ke zfr3Q\" dir=\"ltr\">En tercer lugar, observamos, a partir de las palabras de Jes\u00fas, que pensaba que la dicha eterna depend\u00eda de la obediencia a las santas leyes de Mois\u00e9s, pues cuando el rico le pregunt\u00f3 qu\u00e9 deb\u00eda hacer para ganarse la bienaventuranza en la vida. eternamente, Jes\u00fas respondi\u00f3 ( Mateo 19: 17-19 , &#8220;Si quieres entrar en la vida, guarda los mandamientos. El rico le dijo, \u00bfCu\u00e1l mandamiento?) Jes\u00fas respondi\u00f3: No matar\u00e1s; no cometer\u00e1s adulterio; no hurtar\u00e1s; no dar\u00e1s falso testimonio; honra a tu padre y a tu madre; y amar\u00e1s a tu pr\u00f3jimo como a ti mismo &#8220;. El cristiano de nuestros d\u00edas a\u00f1ade que la \u00fanica condici\u00f3n de la que depende la vida eterna es la fe en Jes\u00fas. como el Salvador del alma. Jes\u00fas adem\u00e1s ense\u00f1\u00f3 al joven [ Mateo 19:21], &#8220;Si eres perfecto, ve, vende lo que tienes y d\u00e1selo a los pobres&#8221;. Este precepto nunca lo hemos visto realizado por ning\u00fan cristiano.<\/p>\n<p class=\"CDt4Ke zfr3Q\" dir=\"ltr\">En cuarto lugar, no encontramos en ninguna parte al cristiano que se somete a la humillaci\u00f3n ordenada por Jes\u00fas a sus disc\u00edpulos, cuando dijo ( Lucas 6, 29 ) &#8220;Y al que te hiera en una mejilla, ofr\u00e9cele tambi\u00e9n la otra; y al que te quite el manto, no le proh\u00edbas tomar tambi\u00e9n el abrigo &#8220;, etc.<\/p>\n<p class=\"CDt4Ke zfr3Q\" dir=\"ltr\">En quinto lugar, hay que se\u00f1alar que, si bien los cristianos creen que Mar\u00eda, despu\u00e9s de haber dado a luz a Jes\u00fas, segu\u00eda siendo virgen, Jes\u00fas mismo no era de esa opini\u00f3n; porque, seg\u00fan Juan 2: 4 , dijo: &#8220;Mujer, \u00bfqu\u00e9 tengo yo que ver contigo?&#8221;<\/p>\n<p class=\"CDt4Ke zfr3Q\" dir=\"ltr\">En sexto lugar, encontramos a los cristianos en desacuerdo, no solo difiriendo de la prohibici\u00f3n mosaica, o m\u00e1s bien de No\u00e9, de comer sangre, sino incluso del mandato que leemos en Hechos 15:20 , &#8220;Pero que les escribamos, que ellos abstente de las contaminaciones de los \u00eddolos, de fornicaci\u00f3n, de ahogado y de sangre &#8220;. V\u00e9ase tambi\u00e9n ibid 15:29 y 21:25<\/p>\n","protected":false},"excerpt":{"rendered":"<p>Un grado extraordinario de inconsistencia se presenta en numerosos puntos cuando comparamos la doctrina de los cristianos con las ense\u00f1anzas de Jes\u00fas y sus Ap\u00f3stoles. En primer lugar, encontramos que Jes\u00fas, en ninguna parte del Nuevo Testamento, se llama a s\u00ed mismo &#8220;Dios&#8221;, sino que continuamente se llama a s\u00ed mismo &#8220;Hombre&#8221; o &#8220;el Hijo [&hellip;]<\/p>\n","protected":false},"author":1,"featured_media":0,"parent":0,"menu_order":0,"comment_status":"closed","ping_status":"closed","template":"","meta":{"footnotes":""},"class_list":["post-203","page","type-page","status-publish","hentry"],"_links":{"self":[{"href":"https:\/\/www.judaismocaraita.org\/troki\/wp-json\/wp\/v2\/pages\/203","targetHints":{"allow":["GET"]}}],"collection":[{"href":"https:\/\/www.judaismocaraita.org\/troki\/wp-json\/wp\/v2\/pages"}],"about":[{"href":"https:\/\/www.judaismocaraita.org\/troki\/wp-json\/wp\/v2\/types\/page"}],"author":[{"embeddable":true,"href":"https:\/\/www.judaismocaraita.org\/troki\/wp-json\/wp\/v2\/users\/1"}],"replies":[{"embeddable":true,"href":"https:\/\/www.judaismocaraita.org\/troki\/wp-json\/wp\/v2\/comments?post=203"}],"version-history":[{"count":0,"href":"https:\/\/www.judaismocaraita.org\/troki\/wp-json\/wp\/v2\/pages\/203\/revisions"}],"wp:attachment":[{"href":"https:\/\/www.judaismocaraita.org\/troki\/wp-json\/wp\/v2\/media?parent=203"}],"curies":[{"name":"wp","href":"https:\/\/api.w.org\/{rel}","templated":true}]}}