{"id":142,"date":"2023-01-09T05:45:55","date_gmt":"2023-01-09T05:45:55","guid":{"rendered":"https:\/\/leydemoises.org\/fe\/?page_id=142"},"modified":"2023-01-09T05:45:55","modified_gmt":"2023-01-09T05:45:55","slug":"29-nuevo-pacto-profetizado-en-jeremias-3131-cumplido-en-el-evangelio-de-jesus","status":"publish","type":"page","link":"https:\/\/www.judaismocaraita.org\/troki\/29-nuevo-pacto-profetizado-en-jeremias-3131-cumplido-en-el-evangelio-de-jesus\/","title":{"rendered":"29. \u00bfNuevo pacto profetizado en Jerem\u00edas 31:31 cumplido en el Evangelio de Jes\u00fas?"},"content":{"rendered":"<p class=\"CDt4Ke zfr3Q\" dir=\"ltr\">Jerem\u00edas 31:32 , &#8220;He aqu\u00ed vienen d\u00edas, y har\u00e9 un nuevo pacto con la Casa de Israel y con la Casa de Jud\u00e1&#8221;. Los cristianos afirman que el profeta Jerem\u00edas predijo aqu\u00ed la entrega de una nueva ley para el pueblo de Israel, a saber, el Evangelio de Jes\u00fas de Nazaret.<\/p>\n<p class=\"CDt4Ke zfr3Q\" dir=\"ltr\">Refutaci\u00f3n. \u2014 La Escritura no alude aqu\u00ed a la sustituci\u00f3n de una nueva ley por la antigua, sino simplemente a la realizaci\u00f3n de un nuevo pacto, un pacto independiente de la ley. As\u00ed encontramos en la historia de Phineas ( N\u00fameros 25:12 ), &#8220;He aqu\u00ed, le doy mi pacto de paz&#8221;. El pacto as\u00ed hecho no podr\u00eda significar la emisi\u00f3n de una nueva ley destinada solo a Phineas. En Lev\u00edtico 26:42, nos encontramos con una menci\u00f3n similar de un pacto, &#8220;Y me acordar\u00e9 de mi pacto con Jacob, mi pacto con Isaac, y tambi\u00e9n mi pacto con Abraham recordar\u00e9&#8221;, etc. De este modo de expresi\u00f3n, nadie se atrever\u00eda a inferir que el Todopoderoso dio una ley especial a cada uno de los patriarcas. Tambi\u00e9n se hacen convenios entre hombre y hombre. As\u00ed encontramos, en G\u00e9nesis 21:32, &#8220;Ellos dos [Abraham y Abimelec] hicieron un pacto entre s\u00ed&#8221;. Volviendo ahora al verdadero sentido del vers\u00edculo al comienzo de este cap\u00edtulo, encontramos que el Todopoderoso ha reservado para Israel el otorgamiento de un nuevo pacto de protecci\u00f3n cuando sean restaurados a su tierra, un pacto que, a diferencia del anterior , nunca se disolver\u00e1. Por eso la profec\u00eda contin\u00faa (en Jerem\u00edas 31:31 y los siguientes vers\u00edculos), que el futuro pacto no ser\u00e1 conforme [Jerem\u00edas 31:32-33] &#8220;al pacto que hice con sus padres el d\u00eda que los tom\u00e9 de la mano para sacarlos de la tierra de Egipto, pacto que rompieron&#8221;, etc. Despu\u00e9s de esta introducci\u00f3n, el profeta prosigue: &#8220;Pero esto ser\u00e1 sea \u200b\u200bel pacto que har\u00e9 con la Casa de Israel; pondr\u00e9 mi ley en sus entra\u00f1as, y la escribir\u00e9 en sus corazones, y ser\u00e9 su Dios y ellos ser\u00e1n mi pueblo &#8220;. Estas citas son suficientes para mostrar que el Todopoderoso no hab\u00eda tenido la intenci\u00f3n de emitir una nueva ley, sino de grabar su antigua ley divina en sus corazones, para que nunca se olvidara en todo momento. El lector, al referirse al cap\u00edtulo 19, encontrar\u00e1 que all\u00ed demostramos la perpetuidad de la ley divina tal como fue dada en el Sina\u00ed; en consecuencia, no es posible que se produzca la promulgaci\u00f3n de una nueva ley que sustituya a la anterior.<\/p>\n","protected":false},"excerpt":{"rendered":"<p>Jerem\u00edas 31:32 , &#8220;He aqu\u00ed vienen d\u00edas, y har\u00e9 un nuevo pacto con la Casa de Israel y con la Casa de Jud\u00e1&#8221;. Los cristianos afirman que el profeta Jerem\u00edas predijo aqu\u00ed la entrega de una nueva ley para el pueblo de Israel, a saber, el Evangelio de Jes\u00fas de Nazaret. Refutaci\u00f3n. \u2014 La Escritura [&hellip;]<\/p>\n","protected":false},"author":1,"featured_media":0,"parent":0,"menu_order":0,"comment_status":"closed","ping_status":"closed","template":"","meta":{"footnotes":""},"class_list":["post-142","page","type-page","status-publish","hentry"],"_links":{"self":[{"href":"https:\/\/www.judaismocaraita.org\/troki\/wp-json\/wp\/v2\/pages\/142","targetHints":{"allow":["GET"]}}],"collection":[{"href":"https:\/\/www.judaismocaraita.org\/troki\/wp-json\/wp\/v2\/pages"}],"about":[{"href":"https:\/\/www.judaismocaraita.org\/troki\/wp-json\/wp\/v2\/types\/page"}],"author":[{"embeddable":true,"href":"https:\/\/www.judaismocaraita.org\/troki\/wp-json\/wp\/v2\/users\/1"}],"replies":[{"embeddable":true,"href":"https:\/\/www.judaismocaraita.org\/troki\/wp-json\/wp\/v2\/comments?post=142"}],"version-history":[{"count":0,"href":"https:\/\/www.judaismocaraita.org\/troki\/wp-json\/wp\/v2\/pages\/142\/revisions"}],"wp:attachment":[{"href":"https:\/\/www.judaismocaraita.org\/troki\/wp-json\/wp\/v2\/media?parent=142"}],"curies":[{"name":"wp","href":"https:\/\/api.w.org\/{rel}","templated":true}]}}