{"id":115,"date":"2023-01-09T05:20:35","date_gmt":"2023-01-09T05:20:35","guid":{"rendered":"https:\/\/leydemoises.org\/fe\/?page_id=115"},"modified":"2023-01-09T05:20:35","modified_gmt":"2023-01-09T05:20:35","slug":"20-jesus-dio-una-nueva-ley-profetizada-por-isaias-23-e-isaias-514","status":"publish","type":"page","link":"https:\/\/www.judaismocaraita.org\/troki\/20-jesus-dio-una-nueva-ley-profetizada-por-isaias-23-e-isaias-514\/","title":{"rendered":"20. \u00bfJes\u00fas dio una nueva ley, profetizada por Isa\u00edas 2:3 e Isa\u00edas 51:4?"},"content":{"rendered":"<p class=\"CDt4Ke zfr3Q\" dir=\"ltr\">&#8220;Y muchas naciones ir\u00e1n y dir\u00e1n: Venid, subamos al monte del Se\u00f1or, a la casa del Dios de Jacob, y \u00e9l nos ense\u00f1ar\u00e1 en sus caminos, y caminaremos por sus sendas, porque de Sion saldr\u00e1 la ley y de Jerusal\u00e9n la palabra del Se\u00f1or &#8220;( Isa\u00edas 2:3 ). Los cristianos combinan este vers\u00edculo con el de Isa\u00edas 51:4: &#8220;O\u00eddme, pueblo m\u00edo, y escuchadme, naci\u00f3n m\u00eda, porque de m\u00ed proceder\u00e1 una ley, y har\u00e9 mi juicio por luz del pueblo&#8221;. De ello deducen que Isa\u00edas profetiz\u00f3 aqu\u00ed que habr\u00eda un pacto futuro, a saber, la ley de Jes\u00fas; la ley de Mois\u00e9s fue entregada en el Sina\u00ed, mientras que la nueva doctrina de Jes\u00fas fue promulgada en Si\u00f3n.<\/p>\n<p class=\"CDt4Ke zfr3Q\" dir=\"ltr\">Refutaci\u00f3n. \u2014 El cap\u00edtulo anterior refuta esta afirmaci\u00f3n, habiendo establecido en \u00e9l sobre testimonio incontestable, que la ley de Mois\u00e9s no debe ser revocada, y que no debe agregarse una segunda revelaci\u00f3n a la primera; por lo tanto, no se puede derivar ninguna inferencia o apoyo de los textos anteriores. Los vers\u00edculos citados de ninguna manera declaran que el Todopoderoso iba a dar una nueva ley, sino que la \u05ea\u05bc\u05d5\u05b9\u05e8\u05b8\u05d4 , que significa instrucci\u00f3n y mejora, saldr\u00e1 de Sion y ser\u00e1 comunicada a trav\u00e9s del advenimiento del verdadero Mes\u00edas esperado. Por eso dir\u00e1n: &#8220;Y \u00e9l nos instruir\u00e1 en sus caminos, y caminaremos por sus sendas&#8221;. El Rey Mes\u00edas ser\u00e1 el Instructor. En alusi\u00f3n a \u00e9l, el profeta dice: &#8220;Y juzgar\u00e1 entre los gentiles&#8221;. Un pasaje relacionado con esto lo leemos en Isa\u00edas 42:1, &#8220;He aqu\u00ed el siervo en quien confiar\u00e9, porque \u00e9l, como juez y maestro, llevar\u00e1 a cabo juicio entre los gentiles, y ellos esperar\u00e1n su instrucci\u00f3n&#8221;. Una promesa paralela se da en las palabras: &#8220;Porque la ley [es decir, la instrucci\u00f3n] proceder\u00e1 de m\u00ed, y har\u00e9 que mi juicio descanse como la luz de las naciones&#8221;. La actividad ben\u00e9fica del Rey Mes\u00edas se exhibe adem\u00e1s en la predicci\u00f3n ( Isa\u00edas 2:4 ), &#8220;Y convertir\u00e1n sus espadas en rejas de arado&#8221;, etc.<\/p>\n<p class=\"CDt4Ke zfr3Q\" dir=\"ltr\">Esto justifica la expectativa de que, en los casos en que de otro modo se producir\u00edan guerras derivadas de contiendas y disputas, se apelar\u00e1 al Rey Mes\u00edas, quien gobernar\u00e1 sobre todas las naciones y decidir\u00e1 qu\u00e9 partido est\u00e1 en lo correcto y cu\u00e1l no. Por lo tanto, establecer\u00e1 la paz entre ellos y evitar\u00e1 la guerra entre las naciones. Los instrumentos de batalla destructivos ya no ser\u00e1n necesarios, sino que se convertir\u00e1n en instrumentos de labranza. &#8220;Sus espadas se convertir\u00e1n en rejas de arado, sus lanzas en podaderas; no alzar\u00e1 m\u00e1s espada naci\u00f3n contra naci\u00f3n, ni aprender\u00e1 m\u00e1s el arte de la guerra&#8221;. Con esta profec\u00eda adquirimos la seguridad manifiesta de que la ley que proceder\u00e1 del Mes\u00edas no es m\u00e1s que la instrucci\u00f3n y propagaci\u00f3n de los principios m\u00e1s humanos. La palabra hebrea \u05ea\u05bc\u05d5\u05b9\u05e8\u05b8\u05d4 se usa con mucha frecuencia para transmitir la idea de instrucci\u00f3n&#8221;. Ver Proverbios 1:8 ,&#8221; Hijo m\u00edo, oye la instrucci\u00f3n de tu padre, y no abandones las leyes (o ense\u00f1anzas) de tu madre &#8220;. Adem\u00e1s, ibid 3:1 , &#8220;Hijo m\u00edo, no olvides mis leyes (ense\u00f1anzas), y deja que tu coraz\u00f3n guarde mis preceptos&#8221;. Y en el mismo cap\u00edtulo, &#8220;porque te doy una buena doctrina: no abandones mis leyes&#8221; (es decir, instrucciones). Nadie se aventurar\u00e1 a afirmar que el rey Salom\u00f3n aludi\u00f3 a cualquier nueva ley, escrita por \u00e9l mismo o por cualquiera de sus contempor\u00e1neos. Los oponentes controvertidos, ellos mismos, deben reconocer que la palabra \u05ea\u05bc\u05d5\u05b9\u05e8\u05b8\u05d4 en el Libro de Proverbios no tiene otro significado que la instrucci\u00f3n mundana sin inspiraci\u00f3n; y la inferencia deducible de esta interpretaci\u00f3n, con respecto al pasaje en discusi\u00f3n, es tan obvia, que no deja fundamento para reivindicar la existencia de una nueva ley, posterior a la dada por Mois\u00e9s.<\/p>\n","protected":false},"excerpt":{"rendered":"<p>&#8220;Y muchas naciones ir\u00e1n y dir\u00e1n: Venid, subamos al monte del Se\u00f1or, a la casa del Dios de Jacob, y \u00e9l nos ense\u00f1ar\u00e1 en sus caminos, y caminaremos por sus sendas, porque de Sion saldr\u00e1 la ley y de Jerusal\u00e9n la palabra del Se\u00f1or &#8220;( Isa\u00edas 2:3 ). Los cristianos combinan este vers\u00edculo con el [&hellip;]<\/p>\n","protected":false},"author":1,"featured_media":0,"parent":0,"menu_order":0,"comment_status":"closed","ping_status":"closed","template":"","meta":{"footnotes":""},"class_list":["post-115","page","type-page","status-publish","hentry"],"_links":{"self":[{"href":"https:\/\/www.judaismocaraita.org\/troki\/wp-json\/wp\/v2\/pages\/115","targetHints":{"allow":["GET"]}}],"collection":[{"href":"https:\/\/www.judaismocaraita.org\/troki\/wp-json\/wp\/v2\/pages"}],"about":[{"href":"https:\/\/www.judaismocaraita.org\/troki\/wp-json\/wp\/v2\/types\/page"}],"author":[{"embeddable":true,"href":"https:\/\/www.judaismocaraita.org\/troki\/wp-json\/wp\/v2\/users\/1"}],"replies":[{"embeddable":true,"href":"https:\/\/www.judaismocaraita.org\/troki\/wp-json\/wp\/v2\/comments?post=115"}],"version-history":[{"count":0,"href":"https:\/\/www.judaismocaraita.org\/troki\/wp-json\/wp\/v2\/pages\/115\/revisions"}],"wp:attachment":[{"href":"https:\/\/www.judaismocaraita.org\/troki\/wp-json\/wp\/v2\/media?parent=115"}],"curies":[{"name":"wp","href":"https:\/\/api.w.org\/{rel}","templated":true}]}}