{"id":425,"date":"2023-07-05T14:39:24","date_gmt":"2023-07-05T18:39:24","guid":{"rendered":"https:\/\/www.bneimikra.org\/torah\/?page_id=425"},"modified":"2023-07-06T02:02:11","modified_gmt":"2023-07-06T06:02:11","slug":"torah","status":"publish","type":"page","link":"https:\/\/www.judaismocaraita.org\/torah\/","title":{"rendered":"Torah Interactiva"},"content":{"rendered":"<p><img loading=\"lazy\" decoding=\"async\" class=\"wp-image-5 alignleft\" src=\"https:\/\/www.bneimikra.org\/torah\/wp-content\/uploads\/2023\/07\/Torah_Hebraica-300x225.png\" alt=\"\" width=\"192\" height=\"144\" \/><\/p>\n<ul>\n<li>Tor\u00e1 en espa\u00f1ol<\/li>\n<li>Incluye comentarios<\/li>\n<li>Puedes dejar preguntas y aportes en cada cap\u00edtulo.<\/li>\n<\/ul>\n<p>&nbsp;<\/p>\n<p>&nbsp;<\/p>\n<hr \/>\n","protected":false},"excerpt":{"rendered":"<p>Tor\u00e1 en espa\u00f1ol Incluye comentarios Puedes dejar preguntas y aportes en cada cap\u00edtulo. &nbsp; &nbsp;<\/p>\n","protected":false},"author":1,"featured_media":0,"parent":0,"menu_order":0,"comment_status":"closed","ping_status":"closed","template":"","meta":{"footnotes":""},"class_list":["post-425","page","type-page","status-publish","hentry"],"_links":{"self":[{"href":"https:\/\/www.judaismocaraita.org\/torah\/wp-json\/wp\/v2\/pages\/425","targetHints":{"allow":["GET"]}}],"collection":[{"href":"https:\/\/www.judaismocaraita.org\/torah\/wp-json\/wp\/v2\/pages"}],"about":[{"href":"https:\/\/www.judaismocaraita.org\/torah\/wp-json\/wp\/v2\/types\/page"}],"author":[{"embeddable":true,"href":"https:\/\/www.judaismocaraita.org\/torah\/wp-json\/wp\/v2\/users\/1"}],"replies":[{"embeddable":true,"href":"https:\/\/www.judaismocaraita.org\/torah\/wp-json\/wp\/v2\/comments?post=425"}],"version-history":[{"count":1,"href":"https:\/\/www.judaismocaraita.org\/torah\/wp-json\/wp\/v2\/pages\/425\/revisions"}],"predecessor-version":[{"id":440,"href":"https:\/\/www.judaismocaraita.org\/torah\/wp-json\/wp\/v2\/pages\/425\/revisions\/440"}],"wp:attachment":[{"href":"https:\/\/www.judaismocaraita.org\/torah\/wp-json\/wp\/v2\/media?parent=425"}],"curies":[{"name":"wp","href":"https:\/\/api.w.org\/{rel}","templated":true}]}}